{"id":28870,"date":"2018-09-28T23:01:06","date_gmt":"2018-09-28T21:01:06","guid":{"rendered":"https:\/\/paradisante.org\/?page_id=28870"},"modified":"2025-06-01T08:51:38","modified_gmt":"2025-06-01T06:51:38","slug":"make-a-donation","status":"publish","type":"page","link":"https:\/\/paradisante.org\/en\/make-a-donation\/","title":{"rendered":"MAKE A DONATION"},"content":{"rendered":"<p>[et_pb_section fb_built=\u00a0\u00bb1&Prime; _builder_version=\u00a0\u00bb4.16&Prime; background_image=\u00a0\u00bbhttps:\/\/paradisante.org\/wp-content\/uploads\/2018\/11\/charity-22.png\u00a0\u00bb background_size=\u00a0\u00bbcontain\u00a0\u00bb background_position=\u00a0\u00bbbottom_right\u00a0\u00bb custom_padding=\u00a0\u00bb0|0px|0|0px|false|false\u00a0\u00bb global_colors_info=\u00a0\u00bb{}\u00a0\u00bb][et_pb_row _builder_version=\u00a0\u00bb4.19.4&Prime; width=\u00a0\u00bb100%\u00a0\u00bb max_width=\u00a0\u00bb90%\u00a0\u00bb min_height=\u00a0\u00bb100%\u00a0\u00bb height=\u00a0\u00bb100%\u00a0\u00bb max_height=\u00a0\u00bb100%\u00a0\u00bb custom_padding=\u00a0\u00bb||44px|||\u00a0\u00bb global_colors_info=\u00a0\u00bb{}\u00a0\u00bb][et_pb_column type=\u00a0\u00bb4_4&Prime; _builder_version=\u00a0\u00bb4.16&Prime; custom_padding=\u00a0\u00bb|||\u00a0\u00bb global_colors_info=\u00a0\u00bb{}\u00a0\u00bb custom_padding__hover=\u00a0\u00bb|||\u00a0\u00bb][et_pb_code _builder_version=\u00a0\u00bb4.19.4&Prime; _module_preset=\u00a0\u00bbdefault\u00a0\u00bb min_height=\u00a0\u00bb100%\u00a0\u00bb height=\u00a0\u00bb100%\u00a0\u00bb max_height=\u00a0\u00bb100%\u00a0\u00bb global_colors_info=\u00a0\u00bb{}\u00a0\u00bb]<iframe id=\"haWidget\" allowtransparency=\"true\" scrolling=\"auto\" src=\"https:\/\/www.helloasso.com\/associations\/association-paradisante\/formulaires\/1\/widget\" style=\"width: 100%; height: 750px; border: none;\"><\/iframe>[\/et_pb_code][\/et_pb_column][\/et_pb_row][\/et_pb_section][et_pb_section fb_built=\u00a0\u00bb1&Prime; _builder_version=\u00a0\u00bb4.16&Prime; custom_padding=\u00a0\u00bb0|0px|0|0px|false|false\u00a0\u00bb global_colors_info=\u00a0\u00bb{}\u00a0\u00bb][et_pb_row column_structure=\u00a0\u00bb1_2,1_2&Prime; _builder_version=\u00a0\u00bb4.16&Prime; global_colors_info=\u00a0\u00bb{}\u00a0\u00bb][et_pb_column type=\u00a0\u00bb1_2&Prime; _builder_version=\u00a0\u00bb4.16&Prime; custom_padding=\u00a0\u00bb|||\u00a0\u00bb global_colors_info=\u00a0\u00bb{}\u00a0\u00bb custom_padding__hover=\u00a0\u00bb|||\u00a0\u00bb][et_pb_image src=\u00a0\u00bbhttps:\/\/paradisante.org\/wp-content\/uploads\/2018\/11\/icon-loi1901.png\u00a0\u00bb align_tablet=\u00a0\u00bbcenter\u00a0\u00bb align_phone=\u00a0\u00bb\u00a0\u00bb align_last_edited=\u00a0\u00bbon|desktop\u00a0\u00bb _builder_version=\u00a0\u00bb4.16&Prime; global_colors_info=\u00a0\u00bb{}\u00a0\u00bb]&nbsp;<br \/>\n[\/et_pb_image][\/et_pb_column][et_pb_column type=\u00a0\u00bb1_2&Prime; _builder_version=\u00a0\u00bb4.16&Prime; custom_padding=\u00a0\u00bb|||\u00a0\u00bb global_colors_info=\u00a0\u00bb{}\u00a0\u00bb custom_padding__hover=\u00a0\u00bb|||\u00a0\u00bb][et_pb_image src=\u00a0\u00bbhttps:\/\/paradisante.org\/wp-content\/uploads\/2018\/11\/icon-66-dons.png\u00a0\u00bb align_tablet=\u00a0\u00bbcenter\u00a0\u00bb align_phone=\u00a0\u00bb\u00a0\u00bb align_last_edited=\u00a0\u00bbon|desktop\u00a0\u00bb _builder_version=\u00a0\u00bb4.16&Prime; global_colors_info=\u00a0\u00bb{}\u00a0\u00bb]&nbsp;<br \/>\n[\/et_pb_image][\/et_pb_column][\/et_pb_row][et_pb_row column_structure=\u00a0\u00bb1_2,1_2&Prime; make_equal=\u00a0\u00bbon\u00a0\u00bb padding_top_bottom_link_1=\u00a0\u00bbtrue\u00a0\u00bb padding_top_bottom_link_2=\u00a0\u00bbtrue\u00a0\u00bb padding_left_right_link_1=\u00a0\u00bbtrue\u00a0\u00bb padding_left_right_link_2=\u00a0\u00bbtrue\u00a0\u00bb _builder_version=\u00a0\u00bb4.16&Prime; border_radii=\u00a0\u00bbon|5px|5px|5px|5px\u00a0\u00bb global_colors_info=\u00a0\u00bb{}\u00a0\u00bb][et_pb_column type=\u00a0\u00bb1_2&Prime; _builder_version=\u00a0\u00bb4.16&Prime; background_color=\u00a0\u00bb#f7f9f9&Prime; custom_padding=\u00a0\u00bb30px|30px|30px|30px\u00a0\u00bb global_colors_info=\u00a0\u00bb{}\u00a0\u00bb custom_padding__hover=\u00a0\u00bb|||\u00a0\u00bb][et_pb_text _builder_version=\u00a0\u00bb4.19.4&Prime; text_font=\u00a0\u00bb||||||||\u00a0\u00bb text_line_height=\u00a0\u00bb2em\u00a0\u00bb header_font=\u00a0\u00bb||||||||\u00a0\u00bb header_4_font=\u00a0\u00bbFaustina|600|||||||\u00a0\u00bb header_4_text_color=\u00a0\u00bb#0e7162&Prime; header_4_font_size=\u00a0\u00bb22px\u00a0\u00bb header_4_line_height=\u00a0\u00bb2em\u00a0\u00bb max_width=\u00a0\u00bb600px\u00a0\u00bb module_alignment=\u00a0\u00bbcenter\u00a0\u00bb border_radii=\u00a0\u00bbon|5px|5px|5px|5px\u00a0\u00bb locked=\u00a0\u00bboff\u00a0\u00bb global_colors_info=\u00a0\u00bb{}\u00a0\u00bb]<\/p>\n<h2 style=\"text-align: left;\"><span style=\"color: #1eaf9a;\">SITE INTERNET 100 % S\u00c9CURIS\u00c9<\/span><\/h2>\n<p style=\"text-align: left;\">Toutes les informations bancaires pour traiter le paiement sont crypt\u00e9es gr\u00e2ce au protocole SSL. Elles ne sont en aucun cas conserv\u00e9es sur nos syst\u00e8mes informatiques.<\/p>\n<p style=\"text-align: center;\"><span style=\"font-size: 14px;\"><img loading=\"lazy\" decoding=\"async\" class=\"wp-image-29934 alignnone size-full\" src=\"https:\/\/paradisante.org\/wp-content\/uploads\/2018\/11\/logo-cb-1.jpg\" alt=\"\" width=\"41\" height=\"27\" \/>\u00a0<img loading=\"lazy\" decoding=\"async\" class=\"wp-image-29933 alignnone size-full\" src=\"https:\/\/paradisante.org\/wp-content\/uploads\/2018\/11\/ancien-logo-visa-1-1024x389.png\" alt=\"\" width=\"65\" height=\"21\" \/>\u00a0<img loading=\"lazy\" decoding=\"async\" class=\"wp-image-29935 alignnone size-full\" src=\"https:\/\/paradisante.org\/wp-content\/uploads\/2018\/11\/MasterCard-Logo-1-1024x768.png\" alt=\"\" width=\"39\" height=\"28\" srcset=\"https:\/\/paradisante.org\/wp-content\/uploads\/2018\/11\/MasterCard-Logo-1-1024x768.png 1024w, https:\/\/paradisante.org\/wp-content\/uploads\/2018\/11\/MasterCard-Logo-1-1024x768-600x450.png 600w, https:\/\/paradisante.org\/wp-content\/uploads\/2018\/11\/MasterCard-Logo-1-1024x768-300x225.png 300w, https:\/\/paradisante.org\/wp-content\/uploads\/2018\/11\/MasterCard-Logo-1-1024x768-768x576.png 768w, https:\/\/paradisante.org\/wp-content\/uploads\/2018\/11\/MasterCard-Logo-1-1024x768-400x284.png 400w, https:\/\/paradisante.org\/wp-content\/uploads\/2018\/11\/MasterCard-Logo-1-1024x768-510x382.png 510w\" sizes=\"auto, (max-width: 39px) 100vw, 39px\" \/>\u00a0<img loading=\"lazy\" decoding=\"async\" class=\"wp-image-29936 alignnone size-full\" src=\"https:\/\/paradisante.org\/wp-content\/uploads\/2018\/11\/Paypal_2007_logo.svg_-1.png\" alt=\"\" width=\"88\" height=\"22\" srcset=\"https:\/\/paradisante.org\/wp-content\/uploads\/2018\/11\/Paypal_2007_logo.svg_-1.png 600w, https:\/\/paradisante.org\/wp-content\/uploads\/2018\/11\/Paypal_2007_logo.svg_-1-300x80.png 300w\" sizes=\"auto, (max-width: 88px) 100vw, 88px\" \/><\/span><\/p>\n<p>[\/et_pb_text][\/et_pb_column][et_pb_column type=\u00a0\u00bb1_2&Prime; _builder_version=\u00a0\u00bb4.16&Prime; background_color=\u00a0\u00bb#f7f9f9&Prime; custom_padding=\u00a0\u00bb30px|30px|30px|30px\u00a0\u00bb global_colors_info=\u00a0\u00bb{}\u00a0\u00bb custom_padding__hover=\u00a0\u00bb|||\u00a0\u00bb][et_pb_text _builder_version=\u00a0\u00bb4.19.4&Prime; text_font=\u00a0\u00bb||||||||\u00a0\u00bb text_line_height=\u00a0\u00bb2em\u00a0\u00bb header_font=\u00a0\u00bb||||||||\u00a0\u00bb header_4_font=\u00a0\u00bbFaustina|600|||||||\u00a0\u00bb header_4_text_color=\u00a0\u00bb#0e7162&Prime; header_4_font_size=\u00a0\u00bb22px\u00a0\u00bb header_4_line_height=\u00a0\u00bb2em\u00a0\u00bb max_width=\u00a0\u00bb600px\u00a0\u00bb module_alignment=\u00a0\u00bbcenter\u00a0\u00bb border_radii=\u00a0\u00bbon|5px|5px|5px|5px\u00a0\u00bb locked=\u00a0\u00bboff\u00a0\u00bb global_colors_info=\u00a0\u00bb{}\u00a0\u00bb]<\/p>\n<h2 style=\"text-align: left;\"><span style=\"color: #1eaf9a;\">DONN\u00c9ES PERSONNELLES<\/span><\/h2>\n<p style=\"text-align: left;\">Conform\u00e9ment aux lois informatique et libert\u00e9s du 06 janvier 1978 et du 6 ao\u00fbt 2004, vous disposez d\u2019un droit d\u2019acc\u00e8s aux donn\u00e9es qui vous concernent.<\/p>\n<div class=\"\">\n<div class=\"\">\n<p style=\"text-align: left;\">Dans le cadre du nouveau R\u00e8glement G\u00e9n\u00e9ral sur la Protection des Donn\u00e9es ( RGPD ), vous disposez d\u2019un droit de radiation. Pour l\u2019exercer, adressez votre demande par courrier \u00e0 Paradisant\u00e9.<\/p>\n<\/div>\n<\/div>\n<p>[\/et_pb_text][\/et_pb_column][\/et_pb_row][\/et_pb_section][et_pb_section fb_built=\u00a0\u00bb1&Prime; fullwidth=\u00a0\u00bbon\u00a0\u00bb _builder_version=\u00a0\u00bb4.16&Prime; global_colors_info=\u00a0\u00bb{}\u00a0\u00bb][et_pb_fullwidth_image src=\u00a0\u00bbhttps:\/\/paradisante.org\/wp-content\/uploads\/2018\/11\/charity-23.png\u00a0\u00bb _builder_version=\u00a0\u00bb4.16&Prime; global_colors_info=\u00a0\u00bb{}\u00a0\u00bb]&nbsp;<br \/>\n[\/et_pb_fullwidth_image][\/et_pb_section][et_pb_section fb_built=\u00a0\u00bb1&Prime; custom_padding_last_edited=\u00a0\u00bboff|desktop\u00a0\u00bb _builder_version=\u00a0\u00bb4.19.4&Prime; background_color=\u00a0\u00bb#1eaf9a\u00a0\u00bb custom_margin_tablet=\u00a0\u00bb\u00a0\u00bb custom_margin_phone=\u00a0\u00bb\u00a0\u00bb custom_margin_last_edited=\u00a0\u00bbon|phone\u00a0\u00bb custom_padding=\u00a0\u00bb0|0px|0|0px|false|false\u00a0\u00bb custom_padding_tablet=\u00a0\u00bb0|0px|0|0px|false|false\u00a0\u00bb custom_padding_phone=\u00a0\u00bb0|0px|0|0px|false|false\u00a0\u00bb global_module=\u00a0\u00bb29736&Prime; global_colors_info=\u00a0\u00bb{}\u00a0\u00bb][et_pb_row column_structure=\u00a0\u00bb1_2,1_2&Prime; _builder_version=\u00a0\u00bb4.16&Prime; min_height=\u00a0\u00bb201.5px\u00a0\u00bb global_colors_info=\u00a0\u00bb{}\u00a0\u00bb][et_pb_column type=\u00a0\u00bb1_2&Prime; _builder_version=\u00a0\u00bb4.16&Prime; custom_padding=\u00a0\u00bb|||\u00a0\u00bb global_colors_info=\u00a0\u00bb{}\u00a0\u00bb custom_padding__hover=\u00a0\u00bb|||\u00a0\u00bb][et_pb_text _builder_version=\u00a0\u00bb4.19.4&Prime; global_colors_info=\u00a0\u00bb{}\u00a0\u00bb]<\/p>\n<p style=\"text-align: center;\"><a href=\"https:\/\/paradisante.org\/\"><img loading=\"lazy\" decoding=\"async\" class=\"wp-image-29330 alignnone size-full\" src=\"https:\/\/paradisante.org\/wp-content\/uploads\/2018\/11\/logo_paradisante_horizontal-blanc.png\" alt=\"\" width=\"383\" height=\"40\" \/><\/a><\/p>\n<p style=\"text-align: center;\"><strong><span style=\"color: #ffffff;\">Association humanitaire loi 1901 100 % Ni\u00e7oise oeuvrant pour le d\u00e9veloppement et la promotion de la sant\u00e9 en France et \u00e0 l&rsquo;international.<\/span><\/strong><\/p>\n<p>[\/et_pb_text][\/et_pb_column][et_pb_column type=\u00a0\u00bb1_2&Prime; _builder_version=\u00a0\u00bb4.16&Prime; custom_padding=\u00a0\u00bb|||\u00a0\u00bb global_colors_info=\u00a0\u00bb{}\u00a0\u00bb custom_padding__hover=\u00a0\u00bb|||\u00a0\u00bb][et_pb_text _builder_version=\u00a0\u00bb4.19.4&Prime; custom_margin=\u00a0\u00bb|||\u00a0\u00bb global_colors_info=\u00a0\u00bb{}\u00a0\u00bb]<\/p>\n<p style=\"text-align: center;\">\n<strong><a href=\"https:\/\/paradisante.org\/contactez-nous\/\"><span style=\"color: #ffffff;\">ACTION SOCIALE Nice<\/span><\/a><br \/>\n<strong><a href=\"https:\/\/paradisante.org\/contactez-nous\/\"><span style=\"color: #ffffff;\">NOUS CONTACTER<\/span><\/a><\/strong><br \/>\n<a href=\"https:\/\/paradisante.org\/membres\/\"><strong> <span style=\"color: #ffffff;\">ADH\u00c9SION 2025<\/span><\/strong><\/a><br \/>\n<a href=\"https:\/\/paradisante.org\/mediaskit\/\"><strong> <span style=\"color: #ffffff;\">M\u00c9DIAS KIT<\/span><\/strong><\/a><br \/>\n<strong> <a href=\"https:\/\/paradisante.org\/mentions-legales\/\"><span style=\"color: #ffffff;\"> MENTIONS L\u00c9GALES<\/span><\/a><\/strong><\/p>\n<p>[\/et_pb_text][et_pb_button button_url=\u00a0\u00bbhttps:\/\/paradisante.org\/faire-un-don\/\u00a0\u00bb button_text=\u00a0\u00bbFAIRE UN DON\u00a0\u00bb button_alignment=\u00a0\u00bbcenter\u00a0\u00bb _builder_version=\u00a0\u00bb4.19.4&Prime; custom_button=\u00a0\u00bbon\u00a0\u00bb button_text_size=\u00a0\u00bb15px\u00a0\u00bb button_text_color=\u00a0\u00bb#ffffff\u00a0\u00bb button_bg_color=\u00a0\u00bb#ec661c\u00a0\u00bb button_border_color=\u00a0\u00bb#ec661c\u00a0\u00bb button_font=\u00a0\u00bb|700|||||||\u00a0\u00bb button_use_icon=\u00a0\u00bboff\u00a0\u00bb custom_margin=\u00a0\u00bb-26px|||\u00a0\u00bb custom_padding=\u00a0\u00bb|||\u00a0\u00bb hover_enabled=\u00a0\u00bb0&Prime; global_colors_info=\u00a0\u00bb{}\u00a0\u00bb button_text_size__hover_enabled=\u00a0\u00bboff\u00a0\u00bb button_one_text_size__hover_enabled=\u00a0\u00bboff\u00a0\u00bb button_two_text_size__hover_enabled=\u00a0\u00bboff\u00a0\u00bb button_text_color__hover_enabled=\u00a0\u00bboff\u00a0\u00bb button_one_text_color__hover_enabled=\u00a0\u00bboff\u00a0\u00bb button_two_text_color__hover_enabled=\u00a0\u00bboff\u00a0\u00bb button_border_width__hover_enabled=\u00a0\u00bboff\u00a0\u00bb button_one_border_width__hover_enabled=\u00a0\u00bboff\u00a0\u00bb button_two_border_width__hover_enabled=\u00a0\u00bboff\u00a0\u00bb button_border_color__hover_enabled=\u00a0\u00bboff\u00a0\u00bb button_one_border_color__hover_enabled=\u00a0\u00bboff\u00a0\u00bb button_two_border_color__hover_enabled=\u00a0\u00bboff\u00a0\u00bb button_border_radius__hover_enabled=\u00a0\u00bboff\u00a0\u00bb button_one_border_radius__hover_enabled=\u00a0\u00bboff\u00a0\u00bb button_two_border_radius__hover_enabled=\u00a0\u00bboff\u00a0\u00bb button_letter_spacing__hover_enabled=\u00a0\u00bboff\u00a0\u00bb button_one_letter_spacing__hover_enabled=\u00a0\u00bboff\u00a0\u00bb button_two_letter_spacing__hover_enabled=\u00a0\u00bboff\u00a0\u00bb button_bg_color__hover_enabled=\u00a0\u00bboff\u00a0\u00bb button_one_bg_color__hover_enabled=\u00a0\u00bboff\u00a0\u00bb button_two_bg_color__hover_enabled=\u00a0\u00bboff\u00a0\u00bb sticky_enabled=\u00a0\u00bb0&Prime;]<\/p>\n<p>\u00a0<\/p>\n<p>[\/et_pb_button][\/et_pb_column][\/et_pb_row][et_pb_row _builder_version=\u00a0\u00bb4.19.4&Prime; _module_preset=\u00a0\u00bbdefault\u00a0\u00bb custom_margin=\u00a0\u00bb-30px||||false|false\u00a0\u00bb custom_padding=\u00a0\u00bb0px|||||\u00a0\u00bb global_colors_info=\u00a0\u00bb{}\u00a0\u00bb][et_pb_column type=\u00a0\u00bb4_4&Prime; _builder_version=\u00a0\u00bb4.19.4&Prime; _module_preset=\u00a0\u00bbdefault\u00a0\u00bb global_colors_info=\u00a0\u00bb{}\u00a0\u00bb][et_pb_image src=\u00a0\u00bbhttps:\/\/paradisante.org\/wp-content\/uploads\/2023\/05\/LOGO-3-TRAIT-BLANC.png\u00a0\u00bb title_text=\u00a0\u00bbLOGO-3-TRAIT-BLANC\u00a0\u00bb _builder_version=\u00a0\u00bb4.19.4&Prime; _module_preset=\u00a0\u00bbdefault\u00a0\u00bb width=\u00a0\u00bb36%\u00a0\u00bb width_tablet=\u00a0\u00bb54%\u00a0\u00bb width_phone=\u00a0\u00bb79%\u00a0\u00bb width_last_edited=\u00a0\u00bbon|phone\u00a0\u00bb module_alignment=\u00a0\u00bbcenter\u00a0\u00bb custom_margin=\u00a0\u00bb10px||||false|false\u00a0\u00bb global_colors_info=\u00a0\u00bb{}\u00a0\u00bb][\/et_pb_image][\/et_pb_column][\/et_pb_row][et_pb_row _builder_version=\u00a0\u00bb4.16&Prime; custom_padding=\u00a0\u00bb0|0px|0|0px|false|false\u00a0\u00bb global_colors_info=\u00a0\u00bb{}\u00a0\u00bb][et_pb_column type=\u00a0\u00bb4_4&Prime; _builder_version=\u00a0\u00bb4.16&Prime; custom_padding=\u00a0\u00bb|||\u00a0\u00bb global_colors_info=\u00a0\u00bb{}\u00a0\u00bb custom_padding__hover=\u00a0\u00bb|||\u00a0\u00bb][et_pb_text _builder_version=\u00a0\u00bb4.19.4&Prime; text_text_color=\u00a0\u00bb#ffffff\u00a0\u00bb header_text_align=\u00a0\u00bbcenter\u00a0\u00bb text_orientation=\u00a0\u00bbcenter\u00a0\u00bb background_layout=\u00a0\u00bbdark\u00a0\u00bb custom_margin=\u00a0\u00bb|||\u00a0\u00bb global_colors_info=\u00a0\u00bb{}\u00a0\u00bb]<span style=\"color: #ffffff;\">\u00a9 2018 &#8211; 2025 Paradisant\u00e9<\/span><span style=\"color: #ffffff;\"><\/span>[\/et_pb_text][\/et_pb_column][\/et_pb_row][\/et_pb_section]<\/p>\n","protected":false},"excerpt":{"rendered":"<p>&nbsp; &nbsp; INTERNET SITE 100 % SECURED All banking information used to process payment is encrypted using SSL protocol. They are never stored on our computer systems.    PERSONAL DATA In accordance with the French Data Protection Act of January 6, 1978 and August 6, 2004, you have the right to access your personal data. Under the new General Data Protection Regulation ( RGPD ), you have a right of deletion. To exercise this right, send your request by post to Paradisant\u00e9.   Humanitarian association law 1901 100 % Nice working for the development and promotion of health in France and internationally. ACTION SOCIALE Nice CONTACT US MEMBERSHIP 2025 MEDIA KIT LEGAL \u00a9 2018 - 2025 Paradisant\u00e9<\/p>","protected":false},"author":1,"featured_media":0,"parent":0,"menu_order":0,"comment_status":"closed","ping_status":"closed","template":"","meta":{"_et_pb_use_builder":"on","_et_pb_old_content":"","_et_gb_content_width":"","footnotes":""},"class_list":["post-28870","page","type-page","status-publish","hentry"],"yoast_head":"<!-- This site is optimized with the Yoast SEO plugin v27.5 - https:\/\/yoast.com\/product\/yoast-seo-wordpress\/ -->\n<title>FAIRE UN DON - PARADISANT\u00c9<\/title>\n<meta name=\"robots\" content=\"index, follow, max-snippet:-1, max-image-preview:large, max-video-preview:-1\" \/>\n<link rel=\"canonical\" href=\"https:\/\/paradisante.org\/en\/make-a-donation\/\" \/>\n<meta property=\"og:locale\" content=\"en_US\" \/>\n<meta property=\"og:type\" content=\"article\" \/>\n<meta property=\"og:title\" content=\"FAIRE UN DON - PARADISANT\u00c9\" \/>\n<meta property=\"og:description\" content=\"&nbsp; &nbsp; SITE INTERNET 100 % S\u00c9CURIS\u00c9 Toutes les informations bancaires pour traiter le paiement sont crypt\u00e9es gr\u00e2ce au protocole SSL. Elles ne sont en aucun cas conserv\u00e9es sur nos syst\u00e8mes informatiques. \u00a0\u00a0\u00a0DONN\u00c9ES PERSONNELLES Conform\u00e9ment aux lois informatique et libert\u00e9s du 06 janvier 1978 et du 6 ao\u00fbt 2004, vous disposez d\u2019un droit d\u2019acc\u00e8s aux donn\u00e9es qui vous concernent. Dans le cadre du nouveau R\u00e8glement G\u00e9n\u00e9ral sur la Protection des Donn\u00e9es ( RGPD ), vous disposez d\u2019un droit de radiation. Pour l\u2019exercer, adressez votre demande par courrier \u00e0 Paradisant\u00e9. &nbsp; Association humanitaire loi 1901 100 % Ni\u00e7oise oeuvrant pour le d\u00e9veloppement et la promotion de la sant\u00e9 en France et \u00e0 l&#039;international. ACTION SOCIALE Nice NOUS CONTACTER ADH\u00c9SION 2025 M\u00c9DIAS KIT MENTIONS L\u00c9GALES\u00a0\u00a9 2018 - 2025 Paradisant\u00e9\" \/>\n<meta property=\"og:url\" content=\"https:\/\/paradisante.org\/en\/make-a-donation\/\" \/>\n<meta property=\"og:site_name\" content=\"PARADISANT\u00c9\" \/>\n<meta property=\"article:modified_time\" content=\"2025-06-01T06:51:38+00:00\" \/>\n<meta property=\"og:image\" content=\"https:\/\/paradisante.org\/wp-content\/uploads\/2018\/11\/logo-cb-1.jpg\" \/>\n<meta name=\"twitter:card\" content=\"summary_large_image\" \/>\n<meta name=\"twitter:label1\" content=\"Est. reading time\" \/>\n\t<meta name=\"twitter:data1\" content=\"5 minutes\" \/>\n<script type=\"application\/ld+json\" class=\"yoast-schema-graph\">{\"@context\":\"https:\\\/\\\/schema.org\",\"@graph\":[{\"@type\":\"WebPage\",\"@id\":\"https:\\\/\\\/paradisante.org\\\/faire-un-don\\\/\",\"url\":\"https:\\\/\\\/paradisante.org\\\/faire-un-don\\\/\",\"name\":\"FAIRE UN DON - PARADISANT\u00c9\",\"isPartOf\":{\"@id\":\"https:\\\/\\\/paradisante.org\\\/#website\"},\"primaryImageOfPage\":{\"@id\":\"https:\\\/\\\/paradisante.org\\\/faire-un-don\\\/#primaryimage\"},\"image\":{\"@id\":\"https:\\\/\\\/paradisante.org\\\/faire-un-don\\\/#primaryimage\"},\"thumbnailUrl\":\"https:\\\/\\\/paradisante.org\\\/wp-content\\\/uploads\\\/2018\\\/11\\\/logo-cb-1.jpg\",\"datePublished\":\"2018-09-28T21:01:06+00:00\",\"dateModified\":\"2025-06-01T06:51:38+00:00\",\"breadcrumb\":{\"@id\":\"https:\\\/\\\/paradisante.org\\\/faire-un-don\\\/#breadcrumb\"},\"inLanguage\":\"en-US\",\"potentialAction\":[{\"@type\":\"ReadAction\",\"target\":[\"https:\\\/\\\/paradisante.org\\\/faire-un-don\\\/\"]}]},{\"@type\":\"ImageObject\",\"inLanguage\":\"en-US\",\"@id\":\"https:\\\/\\\/paradisante.org\\\/faire-un-don\\\/#primaryimage\",\"url\":\"https:\\\/\\\/paradisante.org\\\/wp-content\\\/uploads\\\/2018\\\/11\\\/logo-cb-1.jpg\",\"contentUrl\":\"https:\\\/\\\/paradisante.org\\\/wp-content\\\/uploads\\\/2018\\\/11\\\/logo-cb-1.jpg\"},{\"@type\":\"BreadcrumbList\",\"@id\":\"https:\\\/\\\/paradisante.org\\\/faire-un-don\\\/#breadcrumb\",\"itemListElement\":[{\"@type\":\"ListItem\",\"position\":1,\"name\":\"Accueil\",\"item\":\"https:\\\/\\\/paradisante.org\\\/\"},{\"@type\":\"ListItem\",\"position\":2,\"name\":\"FAIRE UN DON\"}]},{\"@type\":\"WebSite\",\"@id\":\"https:\\\/\\\/paradisante.org\\\/#website\",\"url\":\"https:\\\/\\\/paradisante.org\\\/\",\"name\":\"PARADISANT\u00c9\",\"description\":\"LE RECYCLAGE M\u00c9DICAL SOLIDAIRE\",\"potentialAction\":[{\"@type\":\"SearchAction\",\"target\":{\"@type\":\"EntryPoint\",\"urlTemplate\":\"https:\\\/\\\/paradisante.org\\\/?s={search_term_string}\"},\"query-input\":{\"@type\":\"PropertyValueSpecification\",\"valueRequired\":true,\"valueName\":\"search_term_string\"}}],\"inLanguage\":\"en-US\"}]}<\/script>\n<!-- \/ Yoast SEO plugin. -->","yoast_head_json":{"title":"MAKE A DONATION - PARADISANT\u00c9","robots":{"index":"index","follow":"follow","max-snippet":"max-snippet:-1","max-image-preview":"max-image-preview:large","max-video-preview":"max-video-preview:-1"},"canonical":"https:\/\/paradisante.org\/en\/make-a-donation\/","og_locale":"en_US","og_type":"article","og_title":"FAIRE UN DON - PARADISANT\u00c9","og_description":"&nbsp; &nbsp; SITE INTERNET 100 % S\u00c9CURIS\u00c9 Toutes les informations bancaires pour traiter le paiement sont crypt\u00e9es gr\u00e2ce au protocole SSL. Elles ne sont en aucun cas conserv\u00e9es sur nos syst\u00e8mes informatiques. \u00a0\u00a0\u00a0DONN\u00c9ES PERSONNELLES Conform\u00e9ment aux lois informatique et libert\u00e9s du 06 janvier 1978 et du 6 ao\u00fbt 2004, vous disposez d\u2019un droit d\u2019acc\u00e8s aux donn\u00e9es qui vous concernent. Dans le cadre du nouveau R\u00e8glement G\u00e9n\u00e9ral sur la Protection des Donn\u00e9es ( RGPD ), vous disposez d\u2019un droit de radiation. Pour l\u2019exercer, adressez votre demande par courrier \u00e0 Paradisant\u00e9. &nbsp; Association humanitaire loi 1901 100 % Ni\u00e7oise oeuvrant pour le d\u00e9veloppement et la promotion de la sant\u00e9 en France et \u00e0 l'international. ACTION SOCIALE Nice NOUS CONTACTER ADH\u00c9SION 2025 M\u00c9DIAS KIT MENTIONS L\u00c9GALES\u00a0\u00a9 2018 - 2025 Paradisant\u00e9","og_url":"https:\/\/paradisante.org\/en\/make-a-donation\/","og_site_name":"PARADISANT\u00c9","article_modified_time":"2025-06-01T06:51:38+00:00","og_image":[{"url":"https:\/\/paradisante.org\/wp-content\/uploads\/2018\/11\/logo-cb-1.jpg","type":"","width":"","height":""}],"twitter_card":"summary_large_image","twitter_misc":{"Est. reading time":"5 minutes"},"schema":{"@context":"https:\/\/schema.org","@graph":[{"@type":"WebPage","@id":"https:\/\/paradisante.org\/faire-un-don\/","url":"https:\/\/paradisante.org\/faire-un-don\/","name":"MAKE A DONATION - PARADISANT\u00c9","isPartOf":{"@id":"https:\/\/paradisante.org\/#website"},"primaryImageOfPage":{"@id":"https:\/\/paradisante.org\/faire-un-don\/#primaryimage"},"image":{"@id":"https:\/\/paradisante.org\/faire-un-don\/#primaryimage"},"thumbnailUrl":"https:\/\/paradisante.org\/wp-content\/uploads\/2018\/11\/logo-cb-1.jpg","datePublished":"2018-09-28T21:01:06+00:00","dateModified":"2025-06-01T06:51:38+00:00","breadcrumb":{"@id":"https:\/\/paradisante.org\/faire-un-don\/#breadcrumb"},"inLanguage":"en-US","potentialAction":[{"@type":"ReadAction","target":["https:\/\/paradisante.org\/faire-un-don\/"]}]},{"@type":"ImageObject","inLanguage":"en-US","@id":"https:\/\/paradisante.org\/faire-un-don\/#primaryimage","url":"https:\/\/paradisante.org\/wp-content\/uploads\/2018\/11\/logo-cb-1.jpg","contentUrl":"https:\/\/paradisante.org\/wp-content\/uploads\/2018\/11\/logo-cb-1.jpg"},{"@type":"BreadcrumbList","@id":"https:\/\/paradisante.org\/faire-un-don\/#breadcrumb","itemListElement":[{"@type":"ListItem","position":1,"name":"Accueil","item":"https:\/\/paradisante.org\/"},{"@type":"ListItem","position":2,"name":"FAIRE UN DON"}]},{"@type":"WebSite","@id":"https:\/\/paradisante.org\/#website","url":"https:\/\/paradisante.org\/","name":"PARADISE","description":"MEDICAL RECYCLING IN SOLIDARITY","potentialAction":[{"@type":"SearchAction","target":{"@type":"EntryPoint","urlTemplate":"https:\/\/paradisante.org\/?s={search_term_string}"},"query-input":{"@type":"PropertyValueSpecification","valueRequired":true,"valueName":"search_term_string"}}],"inLanguage":"en-US"}]}},"_links":{"self":[{"href":"https:\/\/paradisante.org\/en\/wp-json\/wp\/v2\/pages\/28870","targetHints":{"allow":["GET"]}}],"collection":[{"href":"https:\/\/paradisante.org\/en\/wp-json\/wp\/v2\/pages"}],"about":[{"href":"https:\/\/paradisante.org\/en\/wp-json\/wp\/v2\/types\/page"}],"author":[{"embeddable":true,"href":"https:\/\/paradisante.org\/en\/wp-json\/wp\/v2\/users\/1"}],"replies":[{"embeddable":true,"href":"https:\/\/paradisante.org\/en\/wp-json\/wp\/v2\/comments?post=28870"}],"version-history":[{"count":111,"href":"https:\/\/paradisante.org\/en\/wp-json\/wp\/v2\/pages\/28870\/revisions"}],"predecessor-version":[{"id":32951,"href":"https:\/\/paradisante.org\/en\/wp-json\/wp\/v2\/pages\/28870\/revisions\/32951"}],"wp:attachment":[{"href":"https:\/\/paradisante.org\/en\/wp-json\/wp\/v2\/media?parent=28870"}],"curies":[{"name":"wp","href":"https:\/\/api.w.org\/{rel}","templated":true}]}}