{"id":29392,"date":"2018-11-08T00:10:03","date_gmt":"2018-11-07T23:10:03","guid":{"rendered":"https:\/\/paradisante.org\/?page_id=29392"},"modified":"2025-06-04T21:27:46","modified_gmt":"2025-06-04T19:27:46","slug":"members","status":"publish","type":"page","link":"https:\/\/paradisante.org\/en\/members\/","title":{"rendered":"MEMBERS"},"content":{"rendered":"<p>[et_pb_section fb_built=\u00a0\u00bb1&Prime; _builder_version=\u00a0\u00bb4.16&Prime; background_color=\u00a0\u00bb#1eaf9a\u00a0\u00bb custom_padding=\u00a0\u00bb28px|0px|0|0px|false|false\u00a0\u00bb global_colors_info=\u00a0\u00bb{}\u00a0\u00bb][et_pb_row _builder_version=\u00a0\u00bb4.16&Prime; custom_padding=\u00a0\u00bb31px|0|0|0px|false|false\u00a0\u00bb global_colors_info=\u00a0\u00bb{}\u00a0\u00bb][et_pb_column type=\u00a0\u00bb4_4&Prime; _builder_version=\u00a0\u00bb4.16&Prime; custom_padding=\u00a0\u00bb|||\u00a0\u00bb global_colors_info=\u00a0\u00bb{}\u00a0\u00bb custom_padding__hover=\u00a0\u00bb|||\u00a0\u00bb][et_pb_text _builder_version=\u00a0\u00bb4.19.4&Prime; global_colors_info=\u00a0\u00bb{}\u00a0\u00bb]<\/p>\n<h1><span style=\"font-size: xx-large;\"><strong><span style=\"color: #ffffff;\">ESPACE MEMBRES : ADH\u00c9SION 2025<\/span><\/strong><\/span><\/h1>\n<p>[\/et_pb_text][\/et_pb_column][\/et_pb_row][\/et_pb_section][et_pb_section fb_built=\u00a0\u00bb1&Prime; admin_label=\u00a0\u00bbsection\u00a0\u00bb _builder_version=\u00a0\u00bb4.19.4&Prime; custom_padding=\u00a0\u00bb20px||||false|false\u00a0\u00bb global_colors_info=\u00a0\u00bb{}\u00a0\u00bb][et_pb_row column_structure=\u00a0\u00bb3_5,2_5&Prime; _builder_version=\u00a0\u00bb4.19.4&Prime; _module_preset=\u00a0\u00bbdefault\u00a0\u00bb global_colors_info=\u00a0\u00bb{}\u00a0\u00bb][et_pb_column type=\u00a0\u00bb3_5&Prime; _builder_version=\u00a0\u00bb4.19.4&Prime; _module_preset=\u00a0\u00bbdefault\u00a0\u00bb global_colors_info=\u00a0\u00bb{}\u00a0\u00bb][et_pb_image src=\u00a0\u00bbhttps:\/\/paradisante.org\/wp-content\/uploads\/2022\/12\/equipe-paradisante.jpeg\u00a0\u00bb title_text=\u00a0\u00bbe\u0301quipe paradisante\u0301\u00a0\u00bb _builder_version=\u00a0\u00bb4.19.4&Prime; _module_preset=\u00a0\u00bbdefault\u00a0\u00bb border_radii=\u00a0\u00bbon|5px|5px|5px|5px\u00a0\u00bb global_colors_info=\u00a0\u00bb{}\u00a0\u00bb][\/et_pb_image][et_pb_code _builder_version=\u00a0\u00bb4.19.4&Prime; _module_preset=\u00a0\u00bbdefault\u00a0\u00bb global_colors_info=\u00a0\u00bb{}\u00a0\u00bb]<iframe id=\"haWidget\" allowtransparency=\"true\" scrolling=\"auto\" src=\"https:\/\/www.helloasso.com\/associations\/association-paradisante\/adhesions\/adhesion-2025\/widget\" style=\"width: 100%; height: 750px; border: none;\"><\/iframe>[\/et_pb_code][\/et_pb_column][et_pb_column type=\u00a0\u00bb2_5&Prime; _builder_version=\u00a0\u00bb4.19.4&Prime; _module_preset=\u00a0\u00bbdefault\u00a0\u00bb global_colors_info=\u00a0\u00bb{}\u00a0\u00bb][et_pb_text _builder_version=\u00a0\u00bb4.19.4&Prime; text_line_height=\u00a0\u00bb2em\u00a0\u00bb header_3_font=\u00a0\u00bb|700|||||||\u00a0\u00bb header_3_font_size=\u00a0\u00bb16px\u00a0\u00bb header_3_line_height=\u00a0\u00bb2em\u00a0\u00bb header_4_font=\u00a0\u00bbFaustina|600|||||||\u00a0\u00bb header_4_text_align=\u00a0\u00bbright\u00a0\u00bb header_4_text_color=\u00a0\u00bb#0e7162&Prime; header_4_font_size=\u00a0\u00bb22px\u00a0\u00bb header_4_line_height=\u00a0\u00bb2em\u00a0\u00bb background_color=\u00a0\u00bb#ffffff\u00a0\u00bb custom_margin=\u00a0\u00bb||20px\u00a0\u00bb custom_padding=\u00a0\u00bb20px|20px|8px|20px|false|true\u00a0\u00bb border_radii=\u00a0\u00bbon|5px|5px|5px|5px\u00a0\u00bb box_shadow_style=\u00a0\u00bbpreset3&Prime; box_shadow_vertical=\u00a0\u00bb40px\u00a0\u00bb box_shadow_blur=\u00a0\u00bb80px\u00a0\u00bb box_shadow_spread=\u00a0\u00bb-30px\u00a0\u00bb box_shadow_color=\u00a0\u00bbrgba(0,0,0,0.22)\u00a0\u00bb locked=\u00a0\u00bboff\u00a0\u00bb global_colors_info=\u00a0\u00bb{}\u00a0\u00bb]<\/p>\n<h2 class=\"give-form-title\" style=\"text-align: left;\"><span>ADH\u00c9SION 2025 EN LIGNE 20 \u20ac<\/span><\/h2>\n<p>Une association existe au travers des personnes qu&rsquo;elle aide mais \u00e9galement gr\u00e2ce \u00e0 celles et ceux qui la soutiennent au quotidien.<\/p>\n<p>Devenir adh\u00e9rent de l&rsquo;association Paradisant\u00e9 c&rsquo;est participer directement \u00e0 nos diff\u00e9rentes actions humanitaires en France ainsi qu&rsquo;\u00e0 l&rsquo;\u00e9tranger.<\/p>\n<h2>Voici ce que votre adh\u00e9sion permettra de r\u00e9aliser tout au long de l&rsquo;ann\u00e9e :<\/h2>\n<p><strong>\u2022 Gr\u00e2ce \u00e0 l&rsquo;adh\u00e9sion, vous b\u00e9n\u00e9ficiez de notre service de collecte de mat\u00e9riel m\u00e9dical \u00e0 domicile gratuitement pendant toute la dur\u00e9e de l&rsquo;adh\u00e9sion. Alpes-Maritimes uniquement (Ann\u00e9e civile en cours).<\/strong><\/p>\n<p>\u2022 Maintien et d\u00e9veloppement de l&rsquo;activit\u00e9 de collecte et de redistribution de tous type de mat\u00e9riel m\u00e9dical neuf et d&rsquo;occasion.<\/p>\n<p>\u2022\u00a0Location d&rsquo;un entrep\u00f4t de stockage du mat\u00e9riel m\u00e9dical collect\u00e9<\/p>\n<p>\u2022\u00a0Organisation de tourn\u00e9es de collectes \u00e0 domicile de mat\u00e9riel m\u00e9dical dans la r\u00e9gion de Nice avec location d&rsquo;un utilitaire<\/p>\n<p>\u2022\u00a0Cr\u00e9ation d&rsquo;une collecte de fond pour financer l&rsquo;envoi de mat\u00e9riel m\u00e9dical en faveur d&rsquo;associations humanitaires partenaires<\/p>\n<p>\u2022\u00a0D\u00e9veloppement et renforcement des actions humanitaires avec nos partenaires en France et \u00e0 l&rsquo;international<\/p>\n<p>Merci infiniment pour votre adh\u00e9sion et votre soutien<\/p>\n<p>Julien Urnel &#8211; Pr\u00e9sident<\/p>\n<p>[\/et_pb_text][\/et_pb_column][\/et_pb_row][\/et_pb_section][et_pb_section fb_built=\u00a0\u00bb1&Prime; custom_padding_last_edited=\u00a0\u00bboff|desktop\u00a0\u00bb _builder_version=\u00a0\u00bb4.19.4&Prime; background_color=\u00a0\u00bb#1eaf9a\u00a0\u00bb custom_margin_tablet=\u00a0\u00bb\u00a0\u00bb custom_margin_phone=\u00a0\u00bb\u00a0\u00bb custom_margin_last_edited=\u00a0\u00bbon|phone\u00a0\u00bb custom_padding=\u00a0\u00bb0|0px|0|0px|false|false\u00a0\u00bb custom_padding_tablet=\u00a0\u00bb0|0px|0|0px|false|false\u00a0\u00bb custom_padding_phone=\u00a0\u00bb0|0px|0|0px|false|false\u00a0\u00bb global_module=\u00a0\u00bb29736&Prime; global_colors_info=\u00a0\u00bb{}\u00a0\u00bb][et_pb_row column_structure=\u00a0\u00bb1_2,1_2&Prime; _builder_version=\u00a0\u00bb4.16&Prime; min_height=\u00a0\u00bb201.5px\u00a0\u00bb global_colors_info=\u00a0\u00bb{}\u00a0\u00bb][et_pb_column type=\u00a0\u00bb1_2&Prime; _builder_version=\u00a0\u00bb4.16&Prime; custom_padding=\u00a0\u00bb|||\u00a0\u00bb global_colors_info=\u00a0\u00bb{}\u00a0\u00bb custom_padding__hover=\u00a0\u00bb|||\u00a0\u00bb][et_pb_text _builder_version=\u00a0\u00bb4.19.4&Prime; global_colors_info=\u00a0\u00bb{}\u00a0\u00bb]<\/p>\n<p style=\"text-align: center;\"><a href=\"https:\/\/paradisante.org\/\"><img loading=\"lazy\" decoding=\"async\" class=\"wp-image-29330 alignnone size-full\" src=\"https:\/\/paradisante.org\/wp-content\/uploads\/2018\/11\/logo_paradisante_horizontal-blanc.png\" alt=\"\" width=\"383\" height=\"40\" \/><\/a><\/p>\n<p style=\"text-align: center;\"><strong><span style=\"color: #ffffff;\">Association humanitaire loi 1901 100 % Ni\u00e7oise oeuvrant pour le d\u00e9veloppement et la promotion de la sant\u00e9 en France et \u00e0 l&rsquo;international.<\/span><\/strong><\/p>\n<p>[\/et_pb_text][\/et_pb_column][et_pb_column type=\u00a0\u00bb1_2&Prime; _builder_version=\u00a0\u00bb4.16&Prime; custom_padding=\u00a0\u00bb|||\u00a0\u00bb global_colors_info=\u00a0\u00bb{}\u00a0\u00bb custom_padding__hover=\u00a0\u00bb|||\u00a0\u00bb][et_pb_text _builder_version=\u00a0\u00bb4.19.4&Prime; custom_margin=\u00a0\u00bb|||\u00a0\u00bb hover_enabled=\u00a0\u00bb0&Prime; global_colors_info=\u00a0\u00bb{}\u00a0\u00bb sticky_enabled=\u00a0\u00bb0&Prime;]<\/p>\n<p style=\"text-align: center;\"><strong><a href=\"https:\/\/paradisante.org\/contactez-nous\/\"><span style=\"color: #ffffff;\">ACTION SOCIALE Nice<\/span><\/a><br \/>\n<strong><a href=\"https:\/\/paradisante.org\/contactez-nous\/\"><span style=\"color: #ffffff;\">NOUS CONTACTER<\/span><\/a><\/strong><br \/>\n<a href=\"https:\/\/paradisante.org\/produit\/adhesion-paradisante\/\"><strong> <span style=\"color: #ffffff;\">ADH\u00c9SION 2025<\/span><\/strong><\/a><br \/>\n<a href=\"https:\/\/paradisante.org\/mediaskit\/\"><strong> <span style=\"color: #ffffff;\">M\u00c9DIAS KIT<\/span><\/strong><\/a><br \/>\n<strong> <a href=\"https:\/\/paradisante.org\/mentions-legales\/\"><span style=\"color: #ffffff;\"> MENTIONS L\u00c9GALES<\/span><\/a><\/strong><\/strong><\/p>\n<p>[\/et_pb_text][et_pb_button button_url=\u00a0\u00bbhttps:\/\/paradisante.org\/faire-un-don\/\u00a0\u00bb button_text=\u00a0\u00bbFAIRE UN DON\u00a0\u00bb button_alignment=\u00a0\u00bbcenter\u00a0\u00bb _builder_version=\u00a0\u00bb4.19.4&Prime; custom_button=\u00a0\u00bbon\u00a0\u00bb button_text_size=\u00a0\u00bb15px\u00a0\u00bb button_text_color=\u00a0\u00bb#ffffff\u00a0\u00bb button_bg_color=\u00a0\u00bb#ec661c\u00a0\u00bb button_border_color=\u00a0\u00bb#ec661c\u00a0\u00bb button_font=\u00a0\u00bb|700|||||||\u00a0\u00bb button_use_icon=\u00a0\u00bboff\u00a0\u00bb custom_margin=\u00a0\u00bb-26px|||\u00a0\u00bb custom_padding=\u00a0\u00bb|||\u00a0\u00bb global_colors_info=\u00a0\u00bb{}\u00a0\u00bb button_text_size__hover_enabled=\u00a0\u00bboff\u00a0\u00bb button_one_text_size__hover_enabled=\u00a0\u00bboff\u00a0\u00bb button_two_text_size__hover_enabled=\u00a0\u00bboff\u00a0\u00bb button_text_color__hover_enabled=\u00a0\u00bboff\u00a0\u00bb button_one_text_color__hover_enabled=\u00a0\u00bboff\u00a0\u00bb button_two_text_color__hover_enabled=\u00a0\u00bboff\u00a0\u00bb button_border_width__hover_enabled=\u00a0\u00bboff\u00a0\u00bb button_one_border_width__hover_enabled=\u00a0\u00bboff\u00a0\u00bb button_two_border_width__hover_enabled=\u00a0\u00bboff\u00a0\u00bb button_border_color__hover_enabled=\u00a0\u00bboff\u00a0\u00bb button_one_border_color__hover_enabled=\u00a0\u00bboff\u00a0\u00bb button_two_border_color__hover_enabled=\u00a0\u00bboff\u00a0\u00bb button_border_radius__hover_enabled=\u00a0\u00bboff\u00a0\u00bb button_one_border_radius__hover_enabled=\u00a0\u00bboff\u00a0\u00bb button_two_border_radius__hover_enabled=\u00a0\u00bboff\u00a0\u00bb button_letter_spacing__hover_enabled=\u00a0\u00bboff\u00a0\u00bb button_one_letter_spacing__hover_enabled=\u00a0\u00bboff\u00a0\u00bb button_two_letter_spacing__hover_enabled=\u00a0\u00bboff\u00a0\u00bb button_bg_color__hover_enabled=\u00a0\u00bboff\u00a0\u00bb button_one_bg_color__hover_enabled=\u00a0\u00bboff\u00a0\u00bb button_two_bg_color__hover_enabled=\u00a0\u00bboff\u00a0\u00bb]<\/p>\n<p>\u00a0<\/p>\n<p>[\/et_pb_button][\/et_pb_column][\/et_pb_row][et_pb_row _builder_version=\u00a0\u00bb4.19.4&Prime; _module_preset=\u00a0\u00bbdefault\u00a0\u00bb custom_margin=\u00a0\u00bb-30px||||false|false\u00a0\u00bb custom_padding=\u00a0\u00bb0px|||||\u00a0\u00bb global_colors_info=\u00a0\u00bb{}\u00a0\u00bb][et_pb_column type=\u00a0\u00bb4_4&Prime; _builder_version=\u00a0\u00bb4.19.4&Prime; _module_preset=\u00a0\u00bbdefault\u00a0\u00bb global_colors_info=\u00a0\u00bb{}\u00a0\u00bb][et_pb_image src=\u00a0\u00bbhttps:\/\/paradisante.org\/wp-content\/uploads\/2023\/05\/LOGO-3-TRAIT-BLANC.png\u00a0\u00bb title_text=\u00a0\u00bbLOGO-3-TRAIT-BLANC\u00a0\u00bb _builder_version=\u00a0\u00bb4.19.4&Prime; _module_preset=\u00a0\u00bbdefault\u00a0\u00bb width=\u00a0\u00bb36%\u00a0\u00bb width_tablet=\u00a0\u00bb54%\u00a0\u00bb width_phone=\u00a0\u00bb79%\u00a0\u00bb width_last_edited=\u00a0\u00bbon|phone\u00a0\u00bb module_alignment=\u00a0\u00bbcenter\u00a0\u00bb custom_margin=\u00a0\u00bb10px||||false|false\u00a0\u00bb global_colors_info=\u00a0\u00bb{}\u00a0\u00bb][\/et_pb_image][\/et_pb_column][\/et_pb_row][et_pb_row _builder_version=\u00a0\u00bb4.16&Prime; custom_padding=\u00a0\u00bb0|0px|0|0px|false|false\u00a0\u00bb global_colors_info=\u00a0\u00bb{}\u00a0\u00bb][et_pb_column type=\u00a0\u00bb4_4&Prime; _builder_version=\u00a0\u00bb4.16&Prime; custom_padding=\u00a0\u00bb|||\u00a0\u00bb global_colors_info=\u00a0\u00bb{}\u00a0\u00bb custom_padding__hover=\u00a0\u00bb|||\u00a0\u00bb][et_pb_text _builder_version=\u00a0\u00bb4.19.4&Prime; text_text_color=\u00a0\u00bb#ffffff\u00a0\u00bb header_text_align=\u00a0\u00bbcenter\u00a0\u00bb text_orientation=\u00a0\u00bbcenter\u00a0\u00bb background_layout=\u00a0\u00bbdark\u00a0\u00bb custom_margin=\u00a0\u00bb|||\u00a0\u00bb global_colors_info=\u00a0\u00bb{}\u00a0\u00bb]<span style=\"color: #ffffff;\">\u00a9 2018 &#8211; 2025 Paradisant\u00e9<\/span><span style=\"color: #ffffff;\"><\/span>[\/et_pb_text][\/et_pb_column][\/et_pb_row][\/et_pb_section]<\/p>\n","protected":false},"excerpt":{"rendered":"<p>ESPACE MEMBRES : ADH\u00c9SION 2025ADH\u00c9SION 2025 EN LIGNE 20 \u20ac Une association existe au travers des personnes qu&rsquo;elle aide mais \u00e9galement gr\u00e2ce \u00e0 celles et ceux qui la soutiennent au quotidien. Devenir adh\u00e9rent de l&rsquo;association Paradisant\u00e9 c&rsquo;est participer directement \u00e0 nos diff\u00e9rentes actions humanitaires en France ainsi qu&rsquo;\u00e0 l&rsquo;\u00e9tranger. Voici ce que votre adh\u00e9sion permettra de r\u00e9aliser tout au long de l&rsquo;ann\u00e9e : \u2022 Gr\u00e2ce \u00e0 l&rsquo;adh\u00e9sion, vous b\u00e9n\u00e9ficiez de notre service de collecte de mat\u00e9riel m\u00e9dical \u00e0 domicile gratuitement pendant toute la dur\u00e9e de l&rsquo;adh\u00e9sion. Alpes-Maritimes uniquement (Ann\u00e9e civile en cours). \u2022 Maintien et d\u00e9veloppement de l&rsquo;activit\u00e9 de collecte et de redistribution de tous type de mat\u00e9riel m\u00e9dical neuf et d&rsquo;occasion. \u2022\u00a0Location d&rsquo;un entrep\u00f4t de stockage du mat\u00e9riel m\u00e9dical collect\u00e9 \u2022\u00a0Organisation de tourn\u00e9es de collectes \u00e0 domicile de mat\u00e9riel m\u00e9dical dans la r\u00e9gion de Nice avec location d&rsquo;un utilitaire \u2022\u00a0Cr\u00e9ation d&rsquo;une collecte de fond pour financer l&rsquo;envoi de mat\u00e9riel m\u00e9dical en faveur d&rsquo;associations humanitaires partenaires \u2022\u00a0D\u00e9veloppement et renforcement des actions humanitaires avec nos partenaires en France et \u00e0 l&rsquo;international Merci infiniment pour votre adh\u00e9sion et votre soutien Julien Urnel &#8211; Pr\u00e9sident Association humanitaire loi 1901 100 % Ni\u00e7oise oeuvrant pour le d\u00e9veloppement et la promotion de la sant\u00e9 en [&hellip;]<\/p>\n","protected":false},"author":1,"featured_media":29108,"parent":0,"menu_order":0,"comment_status":"closed","ping_status":"closed","template":"","meta":{"_et_pb_use_builder":"on","_et_pb_old_content":"[give_form id=\"29394\"]","_et_gb_content_width":"","footnotes":""},"class_list":["post-29392","page","type-page","status-publish","has-post-thumbnail","hentry"],"yoast_head":"<!-- This site is optimized with the Yoast SEO plugin v27.4 - https:\/\/yoast.com\/product\/yoast-seo-wordpress\/ -->\n<title>MEMBRES - PARADISANT\u00c9<\/title>\n<meta name=\"robots\" content=\"index, follow, max-snippet:-1, max-image-preview:large, max-video-preview:-1\" \/>\n<link rel=\"canonical\" href=\"https:\/\/paradisante.org\/en\/members\/\" \/>\n<meta property=\"og:locale\" content=\"en_US\" \/>\n<meta property=\"og:type\" content=\"article\" \/>\n<meta property=\"og:title\" content=\"MEMBRES - PARADISANT\u00c9\" \/>\n<meta property=\"og:description\" content=\"ESPACE MEMBRES : ADH\u00c9SION 2025ADH\u00c9SION 2025 EN LIGNE 20 \u20ac Une association existe au travers des personnes qu&#039;elle aide mais \u00e9galement gr\u00e2ce \u00e0 celles et ceux qui la soutiennent au quotidien. Devenir adh\u00e9rent de l&#039;association Paradisant\u00e9 c&#039;est participer directement \u00e0 nos diff\u00e9rentes actions humanitaires en France ainsi qu&#039;\u00e0 l&#039;\u00e9tranger. Voici ce que votre adh\u00e9sion permettra de r\u00e9aliser tout au long de l&#039;ann\u00e9e : \u2022 Gr\u00e2ce \u00e0 l&#039;adh\u00e9sion, vous b\u00e9n\u00e9ficiez de notre service de collecte de mat\u00e9riel m\u00e9dical \u00e0 domicile gratuitement pendant toute la dur\u00e9e de l&#039;adh\u00e9sion. Alpes-Maritimes uniquement (Ann\u00e9e civile en cours). \u2022 Maintien et d\u00e9veloppement de l&#039;activit\u00e9 de collecte et de redistribution de tous type de mat\u00e9riel m\u00e9dical neuf et d&#039;occasion. \u2022\u00a0Location d&#039;un entrep\u00f4t de stockage du mat\u00e9riel m\u00e9dical collect\u00e9 \u2022\u00a0Organisation de tourn\u00e9es de collectes \u00e0 domicile de mat\u00e9riel m\u00e9dical dans la r\u00e9gion de Nice avec location d&#039;un utilitaire \u2022\u00a0Cr\u00e9ation d&#039;une collecte de fond pour financer l&#039;envoi de mat\u00e9riel m\u00e9dical en faveur d&#039;associations humanitaires partenaires \u2022\u00a0D\u00e9veloppement et renforcement des actions humanitaires avec nos partenaires en France et \u00e0 l&#039;international Merci infiniment pour votre adh\u00e9sion et votre soutien Julien Urnel - Pr\u00e9sident Association humanitaire loi 1901 100 % Ni\u00e7oise oeuvrant pour le d\u00e9veloppement et la promotion de la sant\u00e9 en [&hellip;]\" \/>\n<meta property=\"og:url\" content=\"https:\/\/paradisante.org\/en\/members\/\" \/>\n<meta property=\"og:site_name\" content=\"PARADISANT\u00c9\" \/>\n<meta property=\"article:modified_time\" content=\"2025-06-04T19:27:46+00:00\" \/>\n<meta property=\"og:image\" content=\"https:\/\/paradisante.org\/wp-content\/uploads\/2018\/10\/shutterstock_495493495-min.jpg\" \/>\n\t<meta property=\"og:image:width\" content=\"7360\" \/>\n\t<meta property=\"og:image:height\" content=\"3680\" \/>\n\t<meta property=\"og:image:type\" content=\"image\/jpeg\" \/>\n<meta name=\"twitter:card\" content=\"summary_large_image\" \/>\n<meta name=\"twitter:label1\" content=\"Est. reading time\" \/>\n\t<meta name=\"twitter:data1\" content=\"5 minutes\" \/>\n<script type=\"application\/ld+json\" class=\"yoast-schema-graph\">{\"@context\":\"https:\\\/\\\/schema.org\",\"@graph\":[{\"@type\":\"WebPage\",\"@id\":\"https:\\\/\\\/paradisante.org\\\/membres\\\/\",\"url\":\"https:\\\/\\\/paradisante.org\\\/membres\\\/\",\"name\":\"MEMBRES - PARADISANT\u00c9\",\"isPartOf\":{\"@id\":\"https:\\\/\\\/paradisante.org\\\/#website\"},\"primaryImageOfPage\":{\"@id\":\"https:\\\/\\\/paradisante.org\\\/membres\\\/#primaryimage\"},\"image\":{\"@id\":\"https:\\\/\\\/paradisante.org\\\/membres\\\/#primaryimage\"},\"thumbnailUrl\":\"https:\\\/\\\/paradisante.org\\\/wp-content\\\/uploads\\\/2018\\\/10\\\/shutterstock_495493495-min.jpg\",\"datePublished\":\"2018-11-07T23:10:03+00:00\",\"dateModified\":\"2025-06-04T19:27:46+00:00\",\"breadcrumb\":{\"@id\":\"https:\\\/\\\/paradisante.org\\\/membres\\\/#breadcrumb\"},\"inLanguage\":\"en-US\",\"potentialAction\":[{\"@type\":\"ReadAction\",\"target\":[\"https:\\\/\\\/paradisante.org\\\/membres\\\/\"]}]},{\"@type\":\"ImageObject\",\"inLanguage\":\"en-US\",\"@id\":\"https:\\\/\\\/paradisante.org\\\/membres\\\/#primaryimage\",\"url\":\"https:\\\/\\\/paradisante.org\\\/wp-content\\\/uploads\\\/2018\\\/10\\\/shutterstock_495493495-min.jpg\",\"contentUrl\":\"https:\\\/\\\/paradisante.org\\\/wp-content\\\/uploads\\\/2018\\\/10\\\/shutterstock_495493495-min.jpg\",\"width\":7360,\"height\":3680},{\"@type\":\"BreadcrumbList\",\"@id\":\"https:\\\/\\\/paradisante.org\\\/membres\\\/#breadcrumb\",\"itemListElement\":[{\"@type\":\"ListItem\",\"position\":1,\"name\":\"Accueil\",\"item\":\"https:\\\/\\\/paradisante.org\\\/\"},{\"@type\":\"ListItem\",\"position\":2,\"name\":\"MEMBRES\"}]},{\"@type\":\"WebSite\",\"@id\":\"https:\\\/\\\/paradisante.org\\\/#website\",\"url\":\"https:\\\/\\\/paradisante.org\\\/\",\"name\":\"PARADISANT\u00c9\",\"description\":\"LE RECYCLAGE M\u00c9DICAL SOLIDAIRE\",\"potentialAction\":[{\"@type\":\"SearchAction\",\"target\":{\"@type\":\"EntryPoint\",\"urlTemplate\":\"https:\\\/\\\/paradisante.org\\\/?s={search_term_string}\"},\"query-input\":{\"@type\":\"PropertyValueSpecification\",\"valueRequired\":true,\"valueName\":\"search_term_string\"}}],\"inLanguage\":\"en-US\"}]}<\/script>\n<!-- \/ Yoast SEO plugin. -->","yoast_head_json":{"title":"MEMBERS - PARADISANT\u00c9","robots":{"index":"index","follow":"follow","max-snippet":"max-snippet:-1","max-image-preview":"max-image-preview:large","max-video-preview":"max-video-preview:-1"},"canonical":"https:\/\/paradisante.org\/en\/members\/","og_locale":"en_US","og_type":"article","og_title":"MEMBRES - PARADISANT\u00c9","og_description":"ESPACE MEMBRES : ADH\u00c9SION 2025ADH\u00c9SION 2025 EN LIGNE 20 \u20ac Une association existe au travers des personnes qu'elle aide mais \u00e9galement gr\u00e2ce \u00e0 celles et ceux qui la soutiennent au quotidien. Devenir adh\u00e9rent de l'association Paradisant\u00e9 c'est participer directement \u00e0 nos diff\u00e9rentes actions humanitaires en France ainsi qu'\u00e0 l'\u00e9tranger. Voici ce que votre adh\u00e9sion permettra de r\u00e9aliser tout au long de l'ann\u00e9e : \u2022 Gr\u00e2ce \u00e0 l'adh\u00e9sion, vous b\u00e9n\u00e9ficiez de notre service de collecte de mat\u00e9riel m\u00e9dical \u00e0 domicile gratuitement pendant toute la dur\u00e9e de l'adh\u00e9sion. Alpes-Maritimes uniquement (Ann\u00e9e civile en cours). \u2022 Maintien et d\u00e9veloppement de l'activit\u00e9 de collecte et de redistribution de tous type de mat\u00e9riel m\u00e9dical neuf et d'occasion. \u2022\u00a0Location d'un entrep\u00f4t de stockage du mat\u00e9riel m\u00e9dical collect\u00e9 \u2022\u00a0Organisation de tourn\u00e9es de collectes \u00e0 domicile de mat\u00e9riel m\u00e9dical dans la r\u00e9gion de Nice avec location d'un utilitaire \u2022\u00a0Cr\u00e9ation d'une collecte de fond pour financer l'envoi de mat\u00e9riel m\u00e9dical en faveur d'associations humanitaires partenaires \u2022\u00a0D\u00e9veloppement et renforcement des actions humanitaires avec nos partenaires en France et \u00e0 l'international Merci infiniment pour votre adh\u00e9sion et votre soutien Julien Urnel - Pr\u00e9sident Association humanitaire loi 1901 100 % Ni\u00e7oise oeuvrant pour le d\u00e9veloppement et la promotion de la sant\u00e9 en [&hellip;]","og_url":"https:\/\/paradisante.org\/en\/members\/","og_site_name":"PARADISANT\u00c9","article_modified_time":"2025-06-04T19:27:46+00:00","og_image":[{"width":7360,"height":3680,"url":"https:\/\/paradisante.org\/wp-content\/uploads\/2018\/10\/shutterstock_495493495-min.jpg","type":"image\/jpeg"}],"twitter_card":"summary_large_image","twitter_misc":{"Est. reading time":"5 minutes"},"schema":{"@context":"https:\/\/schema.org","@graph":[{"@type":"WebPage","@id":"https:\/\/paradisante.org\/membres\/","url":"https:\/\/paradisante.org\/membres\/","name":"MEMBERS - PARADISANT\u00c9","isPartOf":{"@id":"https:\/\/paradisante.org\/#website"},"primaryImageOfPage":{"@id":"https:\/\/paradisante.org\/membres\/#primaryimage"},"image":{"@id":"https:\/\/paradisante.org\/membres\/#primaryimage"},"thumbnailUrl":"https:\/\/paradisante.org\/wp-content\/uploads\/2018\/10\/shutterstock_495493495-min.jpg","datePublished":"2018-11-07T23:10:03+00:00","dateModified":"2025-06-04T19:27:46+00:00","breadcrumb":{"@id":"https:\/\/paradisante.org\/membres\/#breadcrumb"},"inLanguage":"en-US","potentialAction":[{"@type":"ReadAction","target":["https:\/\/paradisante.org\/membres\/"]}]},{"@type":"ImageObject","inLanguage":"en-US","@id":"https:\/\/paradisante.org\/membres\/#primaryimage","url":"https:\/\/paradisante.org\/wp-content\/uploads\/2018\/10\/shutterstock_495493495-min.jpg","contentUrl":"https:\/\/paradisante.org\/wp-content\/uploads\/2018\/10\/shutterstock_495493495-min.jpg","width":7360,"height":3680},{"@type":"BreadcrumbList","@id":"https:\/\/paradisante.org\/membres\/#breadcrumb","itemListElement":[{"@type":"ListItem","position":1,"name":"Accueil","item":"https:\/\/paradisante.org\/"},{"@type":"ListItem","position":2,"name":"MEMBRES"}]},{"@type":"WebSite","@id":"https:\/\/paradisante.org\/#website","url":"https:\/\/paradisante.org\/","name":"PARADISE","description":"MEDICAL RECYCLING IN SOLIDARITY","potentialAction":[{"@type":"SearchAction","target":{"@type":"EntryPoint","urlTemplate":"https:\/\/paradisante.org\/?s={search_term_string}"},"query-input":{"@type":"PropertyValueSpecification","valueRequired":true,"valueName":"search_term_string"}}],"inLanguage":"en-US"}]}},"_links":{"self":[{"href":"https:\/\/paradisante.org\/en\/wp-json\/wp\/v2\/pages\/29392","targetHints":{"allow":["GET"]}}],"collection":[{"href":"https:\/\/paradisante.org\/en\/wp-json\/wp\/v2\/pages"}],"about":[{"href":"https:\/\/paradisante.org\/en\/wp-json\/wp\/v2\/types\/page"}],"author":[{"embeddable":true,"href":"https:\/\/paradisante.org\/en\/wp-json\/wp\/v2\/users\/1"}],"replies":[{"embeddable":true,"href":"https:\/\/paradisante.org\/en\/wp-json\/wp\/v2\/comments?post=29392"}],"version-history":[{"count":60,"href":"https:\/\/paradisante.org\/en\/wp-json\/wp\/v2\/pages\/29392\/revisions"}],"predecessor-version":[{"id":33009,"href":"https:\/\/paradisante.org\/en\/wp-json\/wp\/v2\/pages\/29392\/revisions\/33009"}],"wp:featuredmedia":[{"embeddable":true,"href":"https:\/\/paradisante.org\/en\/wp-json\/wp\/v2\/media\/29108"}],"wp:attachment":[{"href":"https:\/\/paradisante.org\/en\/wp-json\/wp\/v2\/media?parent=29392"}],"curies":[{"name":"wp","href":"https:\/\/api.w.org\/{rel}","templated":true}]}}