{"id":31222,"date":"2019-02-24T10:30:10","date_gmt":"2019-02-24T09:30:10","guid":{"rendered":"https:\/\/paradisante.org\/?page_id=31222"},"modified":"2025-06-15T18:40:25","modified_gmt":"2025-06-15T16:40:25","slug":"stock","status":"publish","type":"page","link":"https:\/\/paradisante.org\/en\/stock\/","title":{"rendered":"OUR STOCK"},"content":{"rendered":"<p>[et_pb_section fb_built=\u00a0\u00bb1&Prime; _builder_version=\u00a0\u00bb4.16&Prime; background_color=\u00a0\u00bb#1eaf9a\u00a0\u00bb min_height=\u00a0\u00bb87px\u00a0\u00bb custom_padding=\u00a0\u00bb28px|0px|37px|0px|false|false\u00a0\u00bb global_colors_info=\u00a0\u00bb{}\u00a0\u00bb][et_pb_row _builder_version=\u00a0\u00bb4.16&Prime; custom_margin=\u00a0\u00bb-42px|auto||auto||\u00a0\u00bb custom_padding=\u00a0\u00bb43px|0|0|0px|false|false\u00a0\u00bb global_colors_info=\u00a0\u00bb{}\u00a0\u00bb][et_pb_column type=\u00a0\u00bb4_4&Prime; _builder_version=\u00a0\u00bb4.16&Prime; custom_padding=\u00a0\u00bb|||\u00a0\u00bb global_colors_info=\u00a0\u00bb{}\u00a0\u00bb custom_padding__hover=\u00a0\u00bb|||\u00a0\u00bb][et_pb_text _builder_version=\u00a0\u00bb4.16&Prime; text_font=\u00a0\u00bb||||||||\u00a0\u00bb text_orientation=\u00a0\u00bbcenter\u00a0\u00bb custom_margin=\u00a0\u00bb||3px|||\u00a0\u00bb custom_padding=\u00a0\u00bb7px|||||\u00a0\u00bb global_colors_info=\u00a0\u00bb{}\u00a0\u00bb]<\/p>\n<h2><span style=\"font-size: x-large;\"><strong><span style=\"color: #ffffff;\">NOTRE STOCK DE MAT\u00c9RIEL M\u00c9DICAL DISPONIBLE<\/span><\/strong><\/span><\/h2>\n<p>[\/et_pb_text][\/et_pb_column][\/et_pb_row][\/et_pb_section][et_pb_section fb_built=\u00a0\u00bb1&Prime; _builder_version=\u00a0\u00bb4.16&Prime; custom_margin=\u00a0\u00bb19px|||||\u00a0\u00bb global_colors_info=\u00a0\u00bb{}\u00a0\u00bb][et_pb_row _builder_version=\u00a0\u00bb4.16&Prime; background_size=\u00a0\u00bbinitial\u00a0\u00bb background_position=\u00a0\u00bbtop_left\u00a0\u00bb background_repeat=\u00a0\u00bbrepeat\u00a0\u00bb global_colors_info=\u00a0\u00bb{}\u00a0\u00bb][et_pb_column type=\u00a0\u00bb4_4&Prime; _builder_version=\u00a0\u00bb4.16&Prime; custom_padding=\u00a0\u00bb|||\u00a0\u00bb global_colors_info=\u00a0\u00bb{}\u00a0\u00bb custom_padding__hover=\u00a0\u00bb|||\u00a0\u00bb][et_pb_shop posts_number=\u00a0\u00bb60&Prime; orderby=\u00a0\u00bbmenu_order\u00a0\u00bb _builder_version=\u00a0\u00bb4.16&Prime; global_colors_info=\u00a0\u00bb{}\u00a0\u00bb][\/et_pb_shop][\/et_pb_column][\/et_pb_row][\/et_pb_section][et_pb_section fb_built=\u00a0\u00bb1&Prime; custom_padding_last_edited=\u00a0\u00bboff|desktop\u00a0\u00bb _builder_version=\u00a0\u00bb4.19.4&Prime; use_background_color_gradient=\u00a0\u00bbon\u00a0\u00bb background_color_gradient_type=\u00a0\u00bbcircular\u00a0\u00bb background_color_gradient_stops=\u00a0\u00bb#1eaf9a 0%|rgba(0,0,0,0.6) 0%\u00a0\u00bb background_color_gradient_overlays_image=\u00a0\u00bbon\u00a0\u00bb background_color_gradient_start=\u00a0\u00bb#1eaf9a\u00a0\u00bb background_color_gradient_end=\u00a0\u00bbrgba(0,0,0,0.6)\u00a0\u00bb background_color_gradient_end_position=\u00a0\u00bb0%\u00a0\u00bb background_image=\u00a0\u00bbhttps:\/\/paradisante.org\/wp-content\/uploads\/2018\/10\/carte_paradisante_2-compressor.jpg\u00a0\u00bb background_size=\u00a0\u00bbinitial\u00a0\u00bb custom_margin_last_edited=\u00a0\u00bbon|phone\u00a0\u00bb custom_padding=\u00a0\u00bb0|0px|0|0px|false|false\u00a0\u00bb custom_padding_tablet=\u00a0\u00bb0|0px|0|0px|false|false\u00a0\u00bb custom_padding_phone=\u00a0\u00bb0|0px|0|0px|false|false\u00a0\u00bb filter_saturate=\u00a0\u00bb141%\u00a0\u00bb background_color_gradient_stops_tablet=\u00a0\u00bb#1eaf9a 0%|rgba(0,0,0,0.6) 0%\u00a0\u00bb background_color_gradient_stops_phone=\u00a0\u00bb#1eaf9a 0%|rgba(0,0,0,0.6) 0%\u00a0\u00bb global_module=\u00a0\u00bb29737&Prime; saved_tabs=\u00a0\u00bball\u00a0\u00bb global_colors_info=\u00a0\u00bb{}\u00a0\u00bb][et_pb_row _builder_version=\u00a0\u00bb4.16&Prime; custom_padding=\u00a0\u00bb27px|0px|0|0px|false|false\u00a0\u00bb global_colors_info=\u00a0\u00bb{}\u00a0\u00bb][et_pb_column type=\u00a0\u00bb4_4&Prime; _builder_version=\u00a0\u00bb4.16&Prime; custom_padding=\u00a0\u00bb|||\u00a0\u00bb global_colors_info=\u00a0\u00bb{}\u00a0\u00bb custom_padding__hover=\u00a0\u00bb|||\u00a0\u00bb][et_pb_text _builder_version=\u00a0\u00bb4.16&Prime; text_font=\u00a0\u00bb||||||||\u00a0\u00bb header_font=\u00a0\u00bb||||||||\u00a0\u00bb global_colors_info=\u00a0\u00bb{}\u00a0\u00bb]<\/p>\n<h2 style=\"text-align: center;\"><span style=\"color: #ffffff;\"><strong>RESTEZ INFORM\u00c9S DE NOS ACTIONS<\/strong><\/span><\/h2>\n<p>[\/et_pb_text][\/et_pb_column][\/et_pb_row][et_pb_row column_structure=\u00a0\u00bb1_4,1_2,1_4&Prime; custom_padding_last_edited=\u00a0\u00bbon|phone\u00a0\u00bb _builder_version=\u00a0\u00bb4.16&Prime; custom_margin_tablet=\u00a0\u00bb\u00a0\u00bb custom_margin_phone=\u00a0\u00bb\u00a0\u00bb custom_margin_last_edited=\u00a0\u00bbon|phone\u00a0\u00bb custom_padding=\u00a0\u00bb0px|0px|0|0px|false|false\u00a0\u00bb custom_padding_tablet=\u00a0\u00bb\u00a0\u00bb custom_padding_phone=\u00a0\u00bb||20px||false|false\u00a0\u00bb global_colors_info=\u00a0\u00bb{}\u00a0\u00bb][et_pb_column type=\u00a0\u00bb1_4&Prime; _builder_version=\u00a0\u00bb4.16&Prime; custom_padding=\u00a0\u00bb|||\u00a0\u00bb global_colors_info=\u00a0\u00bb{}\u00a0\u00bb custom_padding__hover=\u00a0\u00bb|||\u00a0\u00bb][\/et_pb_column][et_pb_column type=\u00a0\u00bb1_2&Prime; _builder_version=\u00a0\u00bb4.16&Prime; custom_padding=\u00a0\u00bb|||\u00a0\u00bb global_colors_info=\u00a0\u00bb{}\u00a0\u00bb custom_padding__hover=\u00a0\u00bb|||\u00a0\u00bb][et_pb_signup provider=\u00a0\u00bbsendinblue\u00a0\u00bb sendinblue_list=\u00a0\u00bbcontact@paradisanteorg|3&Prime; layout=\u00a0\u00bbbottom_top\u00a0\u00bb first_name_field=\u00a0\u00bboff\u00a0\u00bb last_name_field=\u00a0\u00bboff\u00a0\u00bb success_message=\u00a0\u00bbMerci pour votre inscription\u00a0\u00bb button_text=\u00a0\u00bbRECEVOIR NOS DERNI\u00c8RES INFOS\u00a0\u00bb _builder_version=\u00a0\u00bb4.19.4&Prime; form_field_background_color=\u00a0\u00bb#1eaf9a\u00a0\u00bb form_field_text_color=\u00a0\u00bb#ffffff\u00a0\u00bb form_field_font=\u00a0\u00bb|700|||||||\u00a0\u00bb use_background_color=\u00a0\u00bboff\u00a0\u00bb custom_button=\u00a0\u00bbon\u00a0\u00bb button_text_size=\u00a0\u00bb14px\u00a0\u00bb button_text_color=\u00a0\u00bb#ffffff\u00a0\u00bb button_bg_color=\u00a0\u00bb#ec661c\u00a0\u00bb button_border_width=\u00a0\u00bb8px\u00a0\u00bb button_border_color=\u00a0\u00bbrgba(0,0,0,0)\u00a0\u00bb button_letter_spacing=\u00a0\u00bb1px\u00a0\u00bb button_font=\u00a0\u00bb|700||on|||||\u00a0\u00bb custom_margin=\u00a0\u00bb||24px||false|false\u00a0\u00bb custom_margin_tablet=\u00a0\u00bb||-35px||false|false\u00a0\u00bb custom_margin_phone=\u00a0\u00bb||-40px||false|false\u00a0\u00bb custom_margin_last_edited=\u00a0\u00bbon|desktop\u00a0\u00bb global_colors_info=\u00a0\u00bb{}\u00a0\u00bb button_text_size__hover_enabled=\u00a0\u00bboff\u00a0\u00bb button_one_text_size__hover_enabled=\u00a0\u00bboff\u00a0\u00bb button_two_text_size__hover_enabled=\u00a0\u00bboff\u00a0\u00bb button_text_color__hover_enabled=\u00a0\u00bboff\u00a0\u00bb button_one_text_color__hover_enabled=\u00a0\u00bboff\u00a0\u00bb button_two_text_color__hover_enabled=\u00a0\u00bboff\u00a0\u00bb button_border_width__hover_enabled=\u00a0\u00bboff\u00a0\u00bb button_one_border_width__hover_enabled=\u00a0\u00bboff\u00a0\u00bb button_two_border_width__hover_enabled=\u00a0\u00bboff\u00a0\u00bb button_border_color__hover_enabled=\u00a0\u00bboff\u00a0\u00bb button_one_border_color__hover_enabled=\u00a0\u00bboff\u00a0\u00bb button_two_border_color__hover_enabled=\u00a0\u00bboff\u00a0\u00bb button_border_radius__hover_enabled=\u00a0\u00bboff\u00a0\u00bb button_one_border_radius__hover_enabled=\u00a0\u00bboff\u00a0\u00bb button_two_border_radius__hover_enabled=\u00a0\u00bboff\u00a0\u00bb button_letter_spacing__hover_enabled=\u00a0\u00bboff\u00a0\u00bb button_one_letter_spacing__hover_enabled=\u00a0\u00bboff\u00a0\u00bb button_two_letter_spacing__hover_enabled=\u00a0\u00bboff\u00a0\u00bb button_bg_color__hover_enabled=\u00a0\u00bboff\u00a0\u00bb button_one_bg_color__hover_enabled=\u00a0\u00bboff\u00a0\u00bb button_two_bg_color__hover_enabled=\u00a0\u00bboff\u00a0\u00bb][\/et_pb_signup][\/et_pb_column][et_pb_column type=\u00a0\u00bb1_4&Prime; _builder_version=\u00a0\u00bb4.16&Prime; custom_padding=\u00a0\u00bb|||\u00a0\u00bb global_colors_info=\u00a0\u00bb{}\u00a0\u00bb custom_padding__hover=\u00a0\u00bb|||\u00a0\u00bb][\/et_pb_column][\/et_pb_row][\/et_pb_section]<\/p>\n","protected":false},"excerpt":{"rendered":"<p>NOTRE STOCK DE MAT\u00c9RIEL M\u00c9DICAL DISPONIBLERESTEZ INFORM\u00c9S DE NOS ACTIONS<\/p>","protected":false},"author":1,"featured_media":0,"parent":0,"menu_order":0,"comment_status":"closed","ping_status":"closed","template":"","meta":{"_et_pb_use_builder":"on","_et_pb_old_content":"","_et_gb_content_width":"","footnotes":""},"class_list":["post-31222","page","type-page","status-publish","hentry"],"yoast_head":"<!-- This site is optimized with the Yoast SEO plugin v27.5 - https:\/\/yoast.com\/product\/yoast-seo-wordpress\/ -->\n<title>NOTRE STOCK - PARADISANT\u00c9 : nos actions en concret<\/title>\n<meta name=\"description\" content=\"Voici quelques unes de nos r\u00e9alisations, obtenues gr\u00e2ce \u00e0 votre aide, gr\u00e2ce \u00e0 l&#039;engagement de nos soutiens et de nos b\u00e9n\u00e9voles.\" \/>\n<meta name=\"robots\" content=\"index, follow, max-snippet:-1, max-image-preview:large, max-video-preview:-1\" \/>\n<link rel=\"canonical\" href=\"https:\/\/paradisante.org\/en\/stock\/\" \/>\n<meta property=\"og:locale\" content=\"en_US\" \/>\n<meta property=\"og:type\" content=\"article\" \/>\n<meta property=\"og:title\" content=\"NOTRE STOCK - PARADISANT\u00c9 : nos actions en concret\" \/>\n<meta property=\"og:description\" content=\"Voici quelques unes de nos r\u00e9alisations, obtenues gr\u00e2ce \u00e0 votre aide, gr\u00e2ce \u00e0 l&#039;engagement de nos soutiens et de nos b\u00e9n\u00e9voles.\" \/>\n<meta property=\"og:url\" content=\"https:\/\/paradisante.org\/en\/stock\/\" \/>\n<meta property=\"og:site_name\" content=\"PARADISANT\u00c9\" \/>\n<meta property=\"article:modified_time\" content=\"2025-06-15T16:40:25+00:00\" \/>\n<meta name=\"twitter:card\" content=\"summary_large_image\" \/>\n<meta name=\"twitter:label1\" content=\"Est. reading time\" \/>\n\t<meta name=\"twitter:data1\" content=\"3 minutes\" \/>\n<script type=\"application\/ld+json\" class=\"yoast-schema-graph\">{\"@context\":\"https:\\\/\\\/schema.org\",\"@graph\":[{\"@type\":\"WebPage\",\"@id\":\"https:\\\/\\\/paradisante.org\\\/stock\\\/\",\"url\":\"https:\\\/\\\/paradisante.org\\\/stock\\\/\",\"name\":\"NOTRE STOCK - PARADISANT\u00c9 : nos actions en concret\",\"isPartOf\":{\"@id\":\"https:\\\/\\\/paradisante.org\\\/#website\"},\"datePublished\":\"2019-02-24T09:30:10+00:00\",\"dateModified\":\"2025-06-15T16:40:25+00:00\",\"description\":\"Voici quelques unes de nos r\u00e9alisations, obtenues gr\u00e2ce \u00e0 votre aide, gr\u00e2ce \u00e0 l'engagement de nos soutiens et de nos b\u00e9n\u00e9voles.\",\"breadcrumb\":{\"@id\":\"https:\\\/\\\/paradisante.org\\\/stock\\\/#breadcrumb\"},\"inLanguage\":\"en-US\",\"potentialAction\":[{\"@type\":\"ReadAction\",\"target\":[\"https:\\\/\\\/paradisante.org\\\/stock\\\/\"]}]},{\"@type\":\"BreadcrumbList\",\"@id\":\"https:\\\/\\\/paradisante.org\\\/stock\\\/#breadcrumb\",\"itemListElement\":[{\"@type\":\"ListItem\",\"position\":1,\"name\":\"Accueil\",\"item\":\"https:\\\/\\\/paradisante.org\\\/\"},{\"@type\":\"ListItem\",\"position\":2,\"name\":\"NOTRE STOCK\"}]},{\"@type\":\"WebSite\",\"@id\":\"https:\\\/\\\/paradisante.org\\\/#website\",\"url\":\"https:\\\/\\\/paradisante.org\\\/\",\"name\":\"PARADISANT\u00c9\",\"description\":\"LE RECYCLAGE M\u00c9DICAL SOLIDAIRE\",\"potentialAction\":[{\"@type\":\"SearchAction\",\"target\":{\"@type\":\"EntryPoint\",\"urlTemplate\":\"https:\\\/\\\/paradisante.org\\\/?s={search_term_string}\"},\"query-input\":{\"@type\":\"PropertyValueSpecification\",\"valueRequired\":true,\"valueName\":\"search_term_string\"}}],\"inLanguage\":\"en-US\"}]}<\/script>\n<!-- \/ Yoast SEO plugin. -->","yoast_head_json":{"title":"OUR STOCK - PARADISE: our actions in concrete terms","description":"Here are just a few of our achievements, thanks to your help and the commitment of our supporters and volunteers.","robots":{"index":"index","follow":"follow","max-snippet":"max-snippet:-1","max-image-preview":"max-image-preview:large","max-video-preview":"max-video-preview:-1"},"canonical":"https:\/\/paradisante.org\/en\/stock\/","og_locale":"en_US","og_type":"article","og_title":"NOTRE STOCK - PARADISANT\u00c9 : nos actions en concret","og_description":"Voici quelques unes de nos r\u00e9alisations, obtenues gr\u00e2ce \u00e0 votre aide, gr\u00e2ce \u00e0 l'engagement de nos soutiens et de nos b\u00e9n\u00e9voles.","og_url":"https:\/\/paradisante.org\/en\/stock\/","og_site_name":"PARADISANT\u00c9","article_modified_time":"2025-06-15T16:40:25+00:00","twitter_card":"summary_large_image","twitter_misc":{"Est. reading time":"3 minutes"},"schema":{"@context":"https:\/\/schema.org","@graph":[{"@type":"WebPage","@id":"https:\/\/paradisante.org\/stock\/","url":"https:\/\/paradisante.org\/stock\/","name":"OUR STOCK - PARADISE: our actions in concrete terms","isPartOf":{"@id":"https:\/\/paradisante.org\/#website"},"datePublished":"2019-02-24T09:30:10+00:00","dateModified":"2025-06-15T16:40:25+00:00","description":"Here are just a few of our achievements, thanks to your help and the commitment of our supporters and volunteers.","breadcrumb":{"@id":"https:\/\/paradisante.org\/stock\/#breadcrumb"},"inLanguage":"en-US","potentialAction":[{"@type":"ReadAction","target":["https:\/\/paradisante.org\/stock\/"]}]},{"@type":"BreadcrumbList","@id":"https:\/\/paradisante.org\/stock\/#breadcrumb","itemListElement":[{"@type":"ListItem","position":1,"name":"Accueil","item":"https:\/\/paradisante.org\/"},{"@type":"ListItem","position":2,"name":"NOTRE STOCK"}]},{"@type":"WebSite","@id":"https:\/\/paradisante.org\/#website","url":"https:\/\/paradisante.org\/","name":"PARADISE","description":"MEDICAL RECYCLING IN SOLIDARITY","potentialAction":[{"@type":"SearchAction","target":{"@type":"EntryPoint","urlTemplate":"https:\/\/paradisante.org\/?s={search_term_string}"},"query-input":{"@type":"PropertyValueSpecification","valueRequired":true,"valueName":"search_term_string"}}],"inLanguage":"en-US"}]}},"_links":{"self":[{"href":"https:\/\/paradisante.org\/en\/wp-json\/wp\/v2\/pages\/31222","targetHints":{"allow":["GET"]}}],"collection":[{"href":"https:\/\/paradisante.org\/en\/wp-json\/wp\/v2\/pages"}],"about":[{"href":"https:\/\/paradisante.org\/en\/wp-json\/wp\/v2\/types\/page"}],"author":[{"embeddable":true,"href":"https:\/\/paradisante.org\/en\/wp-json\/wp\/v2\/users\/1"}],"replies":[{"embeddable":true,"href":"https:\/\/paradisante.org\/en\/wp-json\/wp\/v2\/comments?post=31222"}],"version-history":[{"count":25,"href":"https:\/\/paradisante.org\/en\/wp-json\/wp\/v2\/pages\/31222\/revisions"}],"predecessor-version":[{"id":33036,"href":"https:\/\/paradisante.org\/en\/wp-json\/wp\/v2\/pages\/31222\/revisions\/33036"}],"wp:attachment":[{"href":"https:\/\/paradisante.org\/en\/wp-json\/wp\/v2\/media?parent=31222"}],"curies":[{"name":"wp","href":"https:\/\/api.w.org\/{rel}","templated":true}]}}