{"id":31213,"date":"2019-02-24T10:09:35","date_gmt":"2019-02-24T09:09:35","guid":{"rendered":"https:\/\/paradisante.org\/?post_type=product&#038;p=31213"},"modified":"2021-04-12T20:27:24","modified_gmt":"2021-04-12T18:27:24","slug":"medical-bed","status":"publish","type":"product","link":"https:\/\/paradisante.org\/en\/product\/medical-bed\/","title":{"rendered":"Medical bed"},"content":{"rendered":"<p>Photo non contractuelle<\/p>\n<p>Electric medical bed with rails and support arm.<\/p>\n<p>Condition: used<\/p>","protected":false},"excerpt":{"rendered":"<p>Non-contractual photo Electric medical bed with rails and gallows. Condition: used<\/p>","protected":false},"featured_media":31216,"comment_status":"closed","ping_status":"closed","template":"","meta":{"_et_pb_use_builder":"","_et_pb_old_content":"","_et_gb_content_width":""},"product_brand":[],"product_cat":[29],"product_tag":[],"class_list":{"0":"post-31213","1":"product","2":"type-product","3":"status-publish","4":"has-post-thumbnail","6":"product_cat-lit","8":"first","9":"outofstock","10":"shipping-taxable","11":"purchasable","12":"product-type-simple"},"yoast_head":"<!-- This site is optimized with the Yoast SEO plugin v27.4 - https:\/\/yoast.com\/product\/yoast-seo-wordpress\/ -->\n<title>Lit m\u00e9dicalis\u00e9 - PARADISANT\u00c9<\/title>\n<meta name=\"robots\" content=\"index, follow, max-snippet:-1, max-image-preview:large, max-video-preview:-1\" \/>\n<link rel=\"canonical\" href=\"https:\/\/paradisante.org\/en\/product\/medical-bed\/\" \/>\n<meta property=\"og:locale\" content=\"en_US\" \/>\n<meta property=\"og:type\" content=\"article\" \/>\n<meta property=\"og:title\" content=\"Lit m\u00e9dicalis\u00e9 - PARADISANT\u00c9\" \/>\n<meta property=\"og:description\" content=\"Photo non contractuelle Lit m\u00e9dicalis\u00e9 \u00e9lectrique avec barri\u00e8res et potence. Etat: occasion\" \/>\n<meta property=\"og:url\" content=\"https:\/\/paradisante.org\/en\/product\/medical-bed\/\" \/>\n<meta property=\"og:site_name\" content=\"PARADISANT\u00c9\" \/>\n<meta property=\"article:modified_time\" content=\"2021-04-12T18:27:24+00:00\" \/>\n<meta property=\"og:image\" content=\"https:\/\/paradisante.org\/wp-content\/uploads\/2019\/02\/lit-medicalise.jpg\" \/>\n\t<meta property=\"og:image:width\" content=\"458\" \/>\n\t<meta property=\"og:image:height\" content=\"458\" \/>\n\t<meta property=\"og:image:type\" content=\"image\/jpeg\" \/>\n<meta name=\"twitter:card\" content=\"summary_large_image\" \/>\n<script type=\"application\/ld+json\" class=\"yoast-schema-graph\">{\"@context\":\"https:\\\/\\\/schema.org\",\"@graph\":[{\"@type\":\"WebPage\",\"@id\":\"https:\\\/\\\/paradisante.org\\\/produit\\\/lit-medicalise\\\/\",\"url\":\"https:\\\/\\\/paradisante.org\\\/produit\\\/lit-medicalise\\\/\",\"name\":\"Lit m\u00e9dicalis\u00e9 - PARADISANT\u00c9\",\"isPartOf\":{\"@id\":\"https:\\\/\\\/paradisante.org\\\/#website\"},\"primaryImageOfPage\":{\"@id\":\"https:\\\/\\\/paradisante.org\\\/produit\\\/lit-medicalise\\\/#primaryimage\"},\"image\":{\"@id\":\"https:\\\/\\\/paradisante.org\\\/produit\\\/lit-medicalise\\\/#primaryimage\"},\"thumbnailUrl\":\"https:\\\/\\\/paradisante.org\\\/wp-content\\\/uploads\\\/2019\\\/02\\\/lit-medicalise.jpg\",\"datePublished\":\"2019-02-24T09:09:35+00:00\",\"dateModified\":\"2021-04-12T18:27:24+00:00\",\"breadcrumb\":{\"@id\":\"https:\\\/\\\/paradisante.org\\\/produit\\\/lit-medicalise\\\/#breadcrumb\"},\"inLanguage\":\"en-US\",\"potentialAction\":[{\"@type\":\"ReadAction\",\"target\":[\"https:\\\/\\\/paradisante.org\\\/produit\\\/lit-medicalise\\\/\"]}]},{\"@type\":\"ImageObject\",\"inLanguage\":\"en-US\",\"@id\":\"https:\\\/\\\/paradisante.org\\\/produit\\\/lit-medicalise\\\/#primaryimage\",\"url\":\"https:\\\/\\\/paradisante.org\\\/wp-content\\\/uploads\\\/2019\\\/02\\\/lit-medicalise.jpg\",\"contentUrl\":\"https:\\\/\\\/paradisante.org\\\/wp-content\\\/uploads\\\/2019\\\/02\\\/lit-medicalise.jpg\",\"width\":458,\"height\":458},{\"@type\":\"BreadcrumbList\",\"@id\":\"https:\\\/\\\/paradisante.org\\\/produit\\\/lit-medicalise\\\/#breadcrumb\",\"itemListElement\":[{\"@type\":\"ListItem\",\"position\":1,\"name\":\"Accueil\",\"item\":\"https:\\\/\\\/paradisante.org\\\/\"},{\"@type\":\"ListItem\",\"position\":2,\"name\":\"NOTRE STOCK\",\"item\":\"https:\\\/\\\/paradisante.org\\\/stock\\\/\"},{\"@type\":\"ListItem\",\"position\":3,\"name\":\"Lit m\u00e9dicalis\u00e9\"}]},{\"@type\":\"WebSite\",\"@id\":\"https:\\\/\\\/paradisante.org\\\/#website\",\"url\":\"https:\\\/\\\/paradisante.org\\\/\",\"name\":\"PARADISANT\u00c9\",\"description\":\"LE RECYCLAGE M\u00c9DICAL SOLIDAIRE\",\"potentialAction\":[{\"@type\":\"SearchAction\",\"target\":{\"@type\":\"EntryPoint\",\"urlTemplate\":\"https:\\\/\\\/paradisante.org\\\/?s={search_term_string}\"},\"query-input\":{\"@type\":\"PropertyValueSpecification\",\"valueRequired\":true,\"valueName\":\"search_term_string\"}}],\"inLanguage\":\"en-US\"}]}<\/script>\n<!-- \/ Yoast SEO plugin. -->","yoast_head_json":{"title":"Healthcare bed - PARADISANT\u00c9","robots":{"index":"index","follow":"follow","max-snippet":"max-snippet:-1","max-image-preview":"max-image-preview:large","max-video-preview":"max-video-preview:-1"},"canonical":"https:\/\/paradisante.org\/en\/product\/medical-bed\/","og_locale":"en_US","og_type":"article","og_title":"Lit m\u00e9dicalis\u00e9 - PARADISANT\u00c9","og_description":"Photo non contractuelle Lit m\u00e9dicalis\u00e9 \u00e9lectrique avec barri\u00e8res et potence. Etat: occasion","og_url":"https:\/\/paradisante.org\/en\/product\/medical-bed\/","og_site_name":"PARADISANT\u00c9","article_modified_time":"2021-04-12T18:27:24+00:00","og_image":[{"width":458,"height":458,"url":"https:\/\/paradisante.org\/wp-content\/uploads\/2019\/02\/lit-medicalise.jpg","type":"image\/jpeg"}],"twitter_card":"summary_large_image","schema":{"@context":"https:\/\/schema.org","@graph":[{"@type":"WebPage","@id":"https:\/\/paradisante.org\/produit\/lit-medicalise\/","url":"https:\/\/paradisante.org\/produit\/lit-medicalise\/","name":"Healthcare bed - PARADISANT\u00c9","isPartOf":{"@id":"https:\/\/paradisante.org\/#website"},"primaryImageOfPage":{"@id":"https:\/\/paradisante.org\/produit\/lit-medicalise\/#primaryimage"},"image":{"@id":"https:\/\/paradisante.org\/produit\/lit-medicalise\/#primaryimage"},"thumbnailUrl":"https:\/\/paradisante.org\/wp-content\/uploads\/2019\/02\/lit-medicalise.jpg","datePublished":"2019-02-24T09:09:35+00:00","dateModified":"2021-04-12T18:27:24+00:00","breadcrumb":{"@id":"https:\/\/paradisante.org\/produit\/lit-medicalise\/#breadcrumb"},"inLanguage":"en-US","potentialAction":[{"@type":"ReadAction","target":["https:\/\/paradisante.org\/produit\/lit-medicalise\/"]}]},{"@type":"ImageObject","inLanguage":"en-US","@id":"https:\/\/paradisante.org\/produit\/lit-medicalise\/#primaryimage","url":"https:\/\/paradisante.org\/wp-content\/uploads\/2019\/02\/lit-medicalise.jpg","contentUrl":"https:\/\/paradisante.org\/wp-content\/uploads\/2019\/02\/lit-medicalise.jpg","width":458,"height":458},{"@type":"BreadcrumbList","@id":"https:\/\/paradisante.org\/produit\/lit-medicalise\/#breadcrumb","itemListElement":[{"@type":"ListItem","position":1,"name":"Accueil","item":"https:\/\/paradisante.org\/"},{"@type":"ListItem","position":2,"name":"NOTRE STOCK","item":"https:\/\/paradisante.org\/stock\/"},{"@type":"ListItem","position":3,"name":"Lit m\u00e9dicalis\u00e9"}]},{"@type":"WebSite","@id":"https:\/\/paradisante.org\/#website","url":"https:\/\/paradisante.org\/","name":"PARADISE","description":"MEDICAL RECYCLING IN SOLIDARITY","potentialAction":[{"@type":"SearchAction","target":{"@type":"EntryPoint","urlTemplate":"https:\/\/paradisante.org\/?s={search_term_string}"},"query-input":{"@type":"PropertyValueSpecification","valueRequired":true,"valueName":"search_term_string"}}],"inLanguage":"en-US"}]}},"_links":{"self":[{"href":"https:\/\/paradisante.org\/en\/wp-json\/wp\/v2\/product\/31213","targetHints":{"allow":["GET"]}}],"collection":[{"href":"https:\/\/paradisante.org\/en\/wp-json\/wp\/v2\/product"}],"about":[{"href":"https:\/\/paradisante.org\/en\/wp-json\/wp\/v2\/types\/product"}],"replies":[{"embeddable":true,"href":"https:\/\/paradisante.org\/en\/wp-json\/wp\/v2\/comments?post=31213"}],"wp:featuredmedia":[{"embeddable":true,"href":"https:\/\/paradisante.org\/en\/wp-json\/wp\/v2\/media\/31216"}],"wp:attachment":[{"href":"https:\/\/paradisante.org\/en\/wp-json\/wp\/v2\/media?parent=31213"}],"wp:term":[{"taxonomy":"product_brand","embeddable":true,"href":"https:\/\/paradisante.org\/en\/wp-json\/wp\/v2\/product_brand?post=31213"},{"taxonomy":"product_cat","embeddable":true,"href":"https:\/\/paradisante.org\/en\/wp-json\/wp\/v2\/product_cat?post=31213"},{"taxonomy":"product_tag","embeddable":true,"href":"https:\/\/paradisante.org\/en\/wp-json\/wp\/v2\/product_tag?post=31213"}],"curies":[{"name":"wp","href":"https:\/\/api.w.org\/{rel}","templated":true}]}}