{"id":31563,"date":"2019-06-28T12:50:38","date_gmt":"2019-06-28T10:50:38","guid":{"rendered":"https:\/\/paradisante.org\/?post_type=product&#038;p=31563"},"modified":"2021-04-12T20:20:40","modified_gmt":"2021-04-12T18:20:40","slug":"urinary-catheter","status":"publish","type":"product","link":"https:\/\/paradisante.org\/en\/product\/urinary-catheter\/","title":{"rendered":"Urinary catheter"},"content":{"rendered":"<p>Photo non contractuelle<\/p>\n<p>Sterile male Foley catheters in various sizes.<\/p>\n<p>Condition: New<\/p>","protected":false},"excerpt":{"rendered":"<p>Non-contractual photo Sterile male Foley urinary catheters in various sizes. Condition: New<\/p>","protected":false},"featured_media":31561,"comment_status":"closed","ping_status":"closed","template":"","meta":{"_et_pb_use_builder":"","_et_pb_old_content":"","_et_gb_content_width":""},"product_brand":[],"product_cat":[32,38],"product_tag":[],"class_list":{"0":"post-31563","1":"product","2":"type-product","3":"status-publish","4":"has-post-thumbnail","6":"product_cat-hygiene","7":"product_cat-soins-techniques","9":"first","10":"outofstock","11":"shipping-taxable","12":"purchasable","13":"product-type-simple"},"yoast_head":"<!-- This site is optimized with the Yoast SEO plugin v27.4 - https:\/\/yoast.com\/product\/yoast-seo-wordpress\/ -->\n<title>Sonde urinaire - PARADISANT\u00c9<\/title>\n<meta name=\"robots\" content=\"index, follow, max-snippet:-1, max-image-preview:large, max-video-preview:-1\" \/>\n<link rel=\"canonical\" href=\"https:\/\/paradisante.org\/en\/product\/urinary-catheter\/\" \/>\n<meta property=\"og:locale\" content=\"en_US\" \/>\n<meta property=\"og:type\" content=\"article\" \/>\n<meta property=\"og:title\" content=\"Sonde urinaire - PARADISANT\u00c9\" \/>\n<meta property=\"og:description\" content=\"Photo non contractuelle Sondes urinaires de Foley homme st\u00e9riles de diff\u00e9rents calibres. Etat: Neuf\" \/>\n<meta property=\"og:url\" content=\"https:\/\/paradisante.org\/en\/product\/urinary-catheter\/\" \/>\n<meta property=\"og:site_name\" content=\"PARADISANT\u00c9\" \/>\n<meta property=\"article:modified_time\" content=\"2021-04-12T18:20:40+00:00\" \/>\n<meta property=\"og:image\" content=\"https:\/\/paradisante.org\/wp-content\/uploads\/2019\/06\/sonde-urinaire.jpg\" \/>\n\t<meta property=\"og:image:width\" content=\"500\" \/>\n\t<meta property=\"og:image:height\" content=\"500\" \/>\n\t<meta property=\"og:image:type\" content=\"image\/jpeg\" \/>\n<meta name=\"twitter:card\" content=\"summary_large_image\" \/>\n<script type=\"application\/ld+json\" class=\"yoast-schema-graph\">{\"@context\":\"https:\\\/\\\/schema.org\",\"@graph\":[{\"@type\":\"WebPage\",\"@id\":\"https:\\\/\\\/paradisante.org\\\/produit\\\/sonde-urinaire\\\/\",\"url\":\"https:\\\/\\\/paradisante.org\\\/produit\\\/sonde-urinaire\\\/\",\"name\":\"Sonde urinaire - PARADISANT\u00c9\",\"isPartOf\":{\"@id\":\"https:\\\/\\\/paradisante.org\\\/#website\"},\"primaryImageOfPage\":{\"@id\":\"https:\\\/\\\/paradisante.org\\\/produit\\\/sonde-urinaire\\\/#primaryimage\"},\"image\":{\"@id\":\"https:\\\/\\\/paradisante.org\\\/produit\\\/sonde-urinaire\\\/#primaryimage\"},\"thumbnailUrl\":\"https:\\\/\\\/paradisante.org\\\/wp-content\\\/uploads\\\/2019\\\/06\\\/sonde-urinaire.jpg\",\"datePublished\":\"2019-06-28T10:50:38+00:00\",\"dateModified\":\"2021-04-12T18:20:40+00:00\",\"breadcrumb\":{\"@id\":\"https:\\\/\\\/paradisante.org\\\/produit\\\/sonde-urinaire\\\/#breadcrumb\"},\"inLanguage\":\"en-US\",\"potentialAction\":[{\"@type\":\"ReadAction\",\"target\":[\"https:\\\/\\\/paradisante.org\\\/produit\\\/sonde-urinaire\\\/\"]}]},{\"@type\":\"ImageObject\",\"inLanguage\":\"en-US\",\"@id\":\"https:\\\/\\\/paradisante.org\\\/produit\\\/sonde-urinaire\\\/#primaryimage\",\"url\":\"https:\\\/\\\/paradisante.org\\\/wp-content\\\/uploads\\\/2019\\\/06\\\/sonde-urinaire.jpg\",\"contentUrl\":\"https:\\\/\\\/paradisante.org\\\/wp-content\\\/uploads\\\/2019\\\/06\\\/sonde-urinaire.jpg\",\"width\":500,\"height\":500},{\"@type\":\"BreadcrumbList\",\"@id\":\"https:\\\/\\\/paradisante.org\\\/produit\\\/sonde-urinaire\\\/#breadcrumb\",\"itemListElement\":[{\"@type\":\"ListItem\",\"position\":1,\"name\":\"Accueil\",\"item\":\"https:\\\/\\\/paradisante.org\\\/\"},{\"@type\":\"ListItem\",\"position\":2,\"name\":\"NOTRE STOCK\",\"item\":\"https:\\\/\\\/paradisante.org\\\/stock\\\/\"},{\"@type\":\"ListItem\",\"position\":3,\"name\":\"Sonde urinaire\"}]},{\"@type\":\"WebSite\",\"@id\":\"https:\\\/\\\/paradisante.org\\\/#website\",\"url\":\"https:\\\/\\\/paradisante.org\\\/\",\"name\":\"PARADISANT\u00c9\",\"description\":\"LE RECYCLAGE M\u00c9DICAL SOLIDAIRE\",\"potentialAction\":[{\"@type\":\"SearchAction\",\"target\":{\"@type\":\"EntryPoint\",\"urlTemplate\":\"https:\\\/\\\/paradisante.org\\\/?s={search_term_string}\"},\"query-input\":{\"@type\":\"PropertyValueSpecification\",\"valueRequired\":true,\"valueName\":\"search_term_string\"}}],\"inLanguage\":\"en-US\"}]}<\/script>\n<!-- \/ Yoast SEO plugin. -->","yoast_head_json":{"title":"Urinary catheter - PARADISANT\u00c9","robots":{"index":"index","follow":"follow","max-snippet":"max-snippet:-1","max-image-preview":"max-image-preview:large","max-video-preview":"max-video-preview:-1"},"canonical":"https:\/\/paradisante.org\/en\/product\/urinary-catheter\/","og_locale":"en_US","og_type":"article","og_title":"Sonde urinaire - PARADISANT\u00c9","og_description":"Photo non contractuelle Sondes urinaires de Foley homme st\u00e9riles de diff\u00e9rents calibres. Etat: Neuf","og_url":"https:\/\/paradisante.org\/en\/product\/urinary-catheter\/","og_site_name":"PARADISANT\u00c9","article_modified_time":"2021-04-12T18:20:40+00:00","og_image":[{"width":500,"height":500,"url":"https:\/\/paradisante.org\/wp-content\/uploads\/2019\/06\/sonde-urinaire.jpg","type":"image\/jpeg"}],"twitter_card":"summary_large_image","schema":{"@context":"https:\/\/schema.org","@graph":[{"@type":"WebPage","@id":"https:\/\/paradisante.org\/produit\/sonde-urinaire\/","url":"https:\/\/paradisante.org\/produit\/sonde-urinaire\/","name":"Urinary catheter - PARADISANT\u00c9","isPartOf":{"@id":"https:\/\/paradisante.org\/#website"},"primaryImageOfPage":{"@id":"https:\/\/paradisante.org\/produit\/sonde-urinaire\/#primaryimage"},"image":{"@id":"https:\/\/paradisante.org\/produit\/sonde-urinaire\/#primaryimage"},"thumbnailUrl":"https:\/\/paradisante.org\/wp-content\/uploads\/2019\/06\/sonde-urinaire.jpg","datePublished":"2019-06-28T10:50:38+00:00","dateModified":"2021-04-12T18:20:40+00:00","breadcrumb":{"@id":"https:\/\/paradisante.org\/produit\/sonde-urinaire\/#breadcrumb"},"inLanguage":"en-US","potentialAction":[{"@type":"ReadAction","target":["https:\/\/paradisante.org\/produit\/sonde-urinaire\/"]}]},{"@type":"ImageObject","inLanguage":"en-US","@id":"https:\/\/paradisante.org\/produit\/sonde-urinaire\/#primaryimage","url":"https:\/\/paradisante.org\/wp-content\/uploads\/2019\/06\/sonde-urinaire.jpg","contentUrl":"https:\/\/paradisante.org\/wp-content\/uploads\/2019\/06\/sonde-urinaire.jpg","width":500,"height":500},{"@type":"BreadcrumbList","@id":"https:\/\/paradisante.org\/produit\/sonde-urinaire\/#breadcrumb","itemListElement":[{"@type":"ListItem","position":1,"name":"Accueil","item":"https:\/\/paradisante.org\/"},{"@type":"ListItem","position":2,"name":"NOTRE STOCK","item":"https:\/\/paradisante.org\/stock\/"},{"@type":"ListItem","position":3,"name":"Sonde urinaire"}]},{"@type":"WebSite","@id":"https:\/\/paradisante.org\/#website","url":"https:\/\/paradisante.org\/","name":"PARADISE","description":"MEDICAL RECYCLING IN SOLIDARITY","potentialAction":[{"@type":"SearchAction","target":{"@type":"EntryPoint","urlTemplate":"https:\/\/paradisante.org\/?s={search_term_string}"},"query-input":{"@type":"PropertyValueSpecification","valueRequired":true,"valueName":"search_term_string"}}],"inLanguage":"en-US"}]}},"_links":{"self":[{"href":"https:\/\/paradisante.org\/en\/wp-json\/wp\/v2\/product\/31563","targetHints":{"allow":["GET"]}}],"collection":[{"href":"https:\/\/paradisante.org\/en\/wp-json\/wp\/v2\/product"}],"about":[{"href":"https:\/\/paradisante.org\/en\/wp-json\/wp\/v2\/types\/product"}],"replies":[{"embeddable":true,"href":"https:\/\/paradisante.org\/en\/wp-json\/wp\/v2\/comments?post=31563"}],"wp:featuredmedia":[{"embeddable":true,"href":"https:\/\/paradisante.org\/en\/wp-json\/wp\/v2\/media\/31561"}],"wp:attachment":[{"href":"https:\/\/paradisante.org\/en\/wp-json\/wp\/v2\/media?parent=31563"}],"wp:term":[{"taxonomy":"product_brand","embeddable":true,"href":"https:\/\/paradisante.org\/en\/wp-json\/wp\/v2\/product_brand?post=31563"},{"taxonomy":"product_cat","embeddable":true,"href":"https:\/\/paradisante.org\/en\/wp-json\/wp\/v2\/product_cat?post=31563"},{"taxonomy":"product_tag","embeddable":true,"href":"https:\/\/paradisante.org\/en\/wp-json\/wp\/v2\/product_tag?post=31563"}],"curies":[{"name":"wp","href":"https:\/\/api.w.org\/{rel}","templated":true}]}}