{"id":31608,"date":"2019-07-06T05:17:06","date_gmt":"2019-07-06T03:17:06","guid":{"rendered":"https:\/\/paradisante.org\/?post_type=product&#038;p=31608"},"modified":"2021-04-12T20:20:14","modified_gmt":"2021-04-12T18:20:14","slug":"stomas","status":"publish","type":"product","link":"https:\/\/paradisante.org\/en\/product\/stomas\/","title":{"rendered":"Stomies"},"content":{"rendered":"<p>Photo non contractuelle<\/p>\n<p>Ostomy pouches and sockets. Various sizes and functions.<\/p>\n<p>Condition: Sterile with best-before date.<\/p>\n<p>Quantity: per box.<\/p>","protected":false},"excerpt":{"rendered":"<p>Non-contractual photo Ostomy pouches and bases. Various sizes and functions. Condition: Sterile with best-before date. Quantity: per box.<\/p>","protected":false},"featured_media":31607,"comment_status":"closed","ping_status":"closed","template":"","meta":{"_et_pb_use_builder":"off","_et_pb_old_content":"Photo non contractuelle\r\n\r\nPansements de diff\u00e9rentes fonctions et tailles.\r\n\r\nEtat: St\u00e9riles avec date de p\u00e9remption non d\u00e9pass\u00e9e.","_et_gb_content_width":""},"product_brand":[],"product_cat":[32,28,38],"product_tag":[],"class_list":{"0":"post-31608","1":"product","2":"type-product","3":"status-publish","4":"has-post-thumbnail","6":"product_cat-hygiene","7":"product_cat-pansements","8":"product_cat-soins-techniques","10":"first","11":"outofstock","12":"shipping-taxable","13":"purchasable","14":"product-type-simple"},"yoast_head":"<!-- This site is optimized with the Yoast SEO plugin v27.4 - https:\/\/yoast.com\/product\/yoast-seo-wordpress\/ -->\n<title>Stomies - PARADISANT\u00c9<\/title>\n<meta name=\"robots\" content=\"index, follow, max-snippet:-1, max-image-preview:large, max-video-preview:-1\" \/>\n<link rel=\"canonical\" href=\"https:\/\/paradisante.org\/en\/product\/stomas\/\" \/>\n<meta property=\"og:locale\" content=\"en_US\" \/>\n<meta property=\"og:type\" content=\"article\" \/>\n<meta property=\"og:title\" content=\"Stomies - PARADISANT\u00c9\" \/>\n<meta property=\"og:description\" content=\"Photo non contractuelle Poches et socles pour stomies. Diff\u00e9rentes tailles et fonctions. Etat: St\u00e9riles avec date de p\u00e9remption non d\u00e9pass\u00e9e. Quantit\u00e9: par boite.\" \/>\n<meta property=\"og:url\" content=\"https:\/\/paradisante.org\/en\/product\/stomas\/\" \/>\n<meta property=\"og:site_name\" content=\"PARADISANT\u00c9\" \/>\n<meta property=\"article:modified_time\" content=\"2021-04-12T18:20:14+00:00\" \/>\n<meta property=\"og:image\" content=\"https:\/\/paradisante.org\/wp-content\/uploads\/2019\/07\/poches-de-stomie.jpg\" \/>\n\t<meta property=\"og:image:width\" content=\"594\" \/>\n\t<meta property=\"og:image:height\" content=\"442\" \/>\n\t<meta property=\"og:image:type\" content=\"image\/jpeg\" \/>\n<meta name=\"twitter:card\" content=\"summary_large_image\" \/>\n<script type=\"application\/ld+json\" class=\"yoast-schema-graph\">{\"@context\":\"https:\\\/\\\/schema.org\",\"@graph\":[{\"@type\":\"WebPage\",\"@id\":\"https:\\\/\\\/paradisante.org\\\/produit\\\/stomies\\\/\",\"url\":\"https:\\\/\\\/paradisante.org\\\/produit\\\/stomies\\\/\",\"name\":\"Stomies - PARADISANT\u00c9\",\"isPartOf\":{\"@id\":\"https:\\\/\\\/paradisante.org\\\/#website\"},\"primaryImageOfPage\":{\"@id\":\"https:\\\/\\\/paradisante.org\\\/produit\\\/stomies\\\/#primaryimage\"},\"image\":{\"@id\":\"https:\\\/\\\/paradisante.org\\\/produit\\\/stomies\\\/#primaryimage\"},\"thumbnailUrl\":\"https:\\\/\\\/paradisante.org\\\/wp-content\\\/uploads\\\/2019\\\/07\\\/poches-de-stomie.jpg\",\"datePublished\":\"2019-07-06T03:17:06+00:00\",\"dateModified\":\"2021-04-12T18:20:14+00:00\",\"breadcrumb\":{\"@id\":\"https:\\\/\\\/paradisante.org\\\/produit\\\/stomies\\\/#breadcrumb\"},\"inLanguage\":\"en-US\",\"potentialAction\":[{\"@type\":\"ReadAction\",\"target\":[\"https:\\\/\\\/paradisante.org\\\/produit\\\/stomies\\\/\"]}]},{\"@type\":\"ImageObject\",\"inLanguage\":\"en-US\",\"@id\":\"https:\\\/\\\/paradisante.org\\\/produit\\\/stomies\\\/#primaryimage\",\"url\":\"https:\\\/\\\/paradisante.org\\\/wp-content\\\/uploads\\\/2019\\\/07\\\/poches-de-stomie.jpg\",\"contentUrl\":\"https:\\\/\\\/paradisante.org\\\/wp-content\\\/uploads\\\/2019\\\/07\\\/poches-de-stomie.jpg\",\"width\":594,\"height\":442},{\"@type\":\"BreadcrumbList\",\"@id\":\"https:\\\/\\\/paradisante.org\\\/produit\\\/stomies\\\/#breadcrumb\",\"itemListElement\":[{\"@type\":\"ListItem\",\"position\":1,\"name\":\"Accueil\",\"item\":\"https:\\\/\\\/paradisante.org\\\/\"},{\"@type\":\"ListItem\",\"position\":2,\"name\":\"NOTRE STOCK\",\"item\":\"https:\\\/\\\/paradisante.org\\\/stock\\\/\"},{\"@type\":\"ListItem\",\"position\":3,\"name\":\"Stomies\"}]},{\"@type\":\"WebSite\",\"@id\":\"https:\\\/\\\/paradisante.org\\\/#website\",\"url\":\"https:\\\/\\\/paradisante.org\\\/\",\"name\":\"PARADISANT\u00c9\",\"description\":\"LE RECYCLAGE M\u00c9DICAL SOLIDAIRE\",\"potentialAction\":[{\"@type\":\"SearchAction\",\"target\":{\"@type\":\"EntryPoint\",\"urlTemplate\":\"https:\\\/\\\/paradisante.org\\\/?s={search_term_string}\"},\"query-input\":{\"@type\":\"PropertyValueSpecification\",\"valueRequired\":true,\"valueName\":\"search_term_string\"}}],\"inLanguage\":\"en-US\"}]}<\/script>\n<!-- \/ Yoast SEO plugin. -->","yoast_head_json":{"title":"Stomies - PARADISANT\u00c9","robots":{"index":"index","follow":"follow","max-snippet":"max-snippet:-1","max-image-preview":"max-image-preview:large","max-video-preview":"max-video-preview:-1"},"canonical":"https:\/\/paradisante.org\/en\/product\/stomas\/","og_locale":"en_US","og_type":"article","og_title":"Stomies - PARADISANT\u00c9","og_description":"Photo non contractuelle Poches et socles pour stomies. Diff\u00e9rentes tailles et fonctions. Etat: St\u00e9riles avec date de p\u00e9remption non d\u00e9pass\u00e9e. Quantit\u00e9: par boite.","og_url":"https:\/\/paradisante.org\/en\/product\/stomas\/","og_site_name":"PARADISANT\u00c9","article_modified_time":"2021-04-12T18:20:14+00:00","og_image":[{"width":594,"height":442,"url":"https:\/\/paradisante.org\/wp-content\/uploads\/2019\/07\/poches-de-stomie.jpg","type":"image\/jpeg"}],"twitter_card":"summary_large_image","schema":{"@context":"https:\/\/schema.org","@graph":[{"@type":"WebPage","@id":"https:\/\/paradisante.org\/produit\/stomies\/","url":"https:\/\/paradisante.org\/produit\/stomies\/","name":"Stomies - PARADISANT\u00c9","isPartOf":{"@id":"https:\/\/paradisante.org\/#website"},"primaryImageOfPage":{"@id":"https:\/\/paradisante.org\/produit\/stomies\/#primaryimage"},"image":{"@id":"https:\/\/paradisante.org\/produit\/stomies\/#primaryimage"},"thumbnailUrl":"https:\/\/paradisante.org\/wp-content\/uploads\/2019\/07\/poches-de-stomie.jpg","datePublished":"2019-07-06T03:17:06+00:00","dateModified":"2021-04-12T18:20:14+00:00","breadcrumb":{"@id":"https:\/\/paradisante.org\/produit\/stomies\/#breadcrumb"},"inLanguage":"en-US","potentialAction":[{"@type":"ReadAction","target":["https:\/\/paradisante.org\/produit\/stomies\/"]}]},{"@type":"ImageObject","inLanguage":"en-US","@id":"https:\/\/paradisante.org\/produit\/stomies\/#primaryimage","url":"https:\/\/paradisante.org\/wp-content\/uploads\/2019\/07\/poches-de-stomie.jpg","contentUrl":"https:\/\/paradisante.org\/wp-content\/uploads\/2019\/07\/poches-de-stomie.jpg","width":594,"height":442},{"@type":"BreadcrumbList","@id":"https:\/\/paradisante.org\/produit\/stomies\/#breadcrumb","itemListElement":[{"@type":"ListItem","position":1,"name":"Accueil","item":"https:\/\/paradisante.org\/"},{"@type":"ListItem","position":2,"name":"NOTRE STOCK","item":"https:\/\/paradisante.org\/stock\/"},{"@type":"ListItem","position":3,"name":"Stomies"}]},{"@type":"WebSite","@id":"https:\/\/paradisante.org\/#website","url":"https:\/\/paradisante.org\/","name":"PARADISE","description":"MEDICAL RECYCLING IN SOLIDARITY","potentialAction":[{"@type":"SearchAction","target":{"@type":"EntryPoint","urlTemplate":"https:\/\/paradisante.org\/?s={search_term_string}"},"query-input":{"@type":"PropertyValueSpecification","valueRequired":true,"valueName":"search_term_string"}}],"inLanguage":"en-US"}]}},"_links":{"self":[{"href":"https:\/\/paradisante.org\/en\/wp-json\/wp\/v2\/product\/31608","targetHints":{"allow":["GET"]}}],"collection":[{"href":"https:\/\/paradisante.org\/en\/wp-json\/wp\/v2\/product"}],"about":[{"href":"https:\/\/paradisante.org\/en\/wp-json\/wp\/v2\/types\/product"}],"replies":[{"embeddable":true,"href":"https:\/\/paradisante.org\/en\/wp-json\/wp\/v2\/comments?post=31608"}],"wp:featuredmedia":[{"embeddable":true,"href":"https:\/\/paradisante.org\/en\/wp-json\/wp\/v2\/media\/31607"}],"wp:attachment":[{"href":"https:\/\/paradisante.org\/en\/wp-json\/wp\/v2\/media?parent=31608"}],"wp:term":[{"taxonomy":"product_brand","embeddable":true,"href":"https:\/\/paradisante.org\/en\/wp-json\/wp\/v2\/product_brand?post=31608"},{"taxonomy":"product_cat","embeddable":true,"href":"https:\/\/paradisante.org\/en\/wp-json\/wp\/v2\/product_cat?post=31608"},{"taxonomy":"product_tag","embeddable":true,"href":"https:\/\/paradisante.org\/en\/wp-json\/wp\/v2\/product_tag?post=31608"}],"curies":[{"name":"wp","href":"https:\/\/api.w.org\/{rel}","templated":true}]}}