{"id":33007,"date":"2025-06-04T21:17:53","date_gmt":"2025-06-04T19:17:53","guid":{"rendered":"https:\/\/paradisante.org\/?post_type=product&#038;p=33007"},"modified":"2026-03-20T10:21:16","modified_gmt":"2026-03-20T09:21:16","slug":"paradise-membership","status":"publish","type":"product","link":"https:\/\/paradisante.org\/en\/product\/paradise-membership\/","title":{"rendered":"Adh\u00e9sion Paradisant\u00e9"},"content":{"rendered":"<p>[et_pb_section fb_built=\u00a0\u00bb1&Prime; _builder_version=\u00a0\u00bb4.16&Prime; custom_padding=\u00a0\u00bb0px||||false|false\u00a0\u00bb global_colors_info=\u00a0\u00bb{}\u00a0\u00bb][et_pb_row _builder_version=\u00a0\u00bb4.16&Prime; background_size=\u00a0\u00bbinitial\u00a0\u00bb background_position=\u00a0\u00bbtop_left\u00a0\u00bb background_repeat=\u00a0\u00bbrepeat\u00a0\u00bb width=\u00a0\u00bb100%\u00a0\u00bb custom_padding=\u00a0\u00bb0px||0px||false|false\u00a0\u00bb global_colors_info=\u00a0\u00bb{}\u00a0\u00bb][et_pb_column type=\u00a0\u00bb4_4&Prime; _builder_version=\u00a0\u00bb4.16&Prime; custom_padding=\u00a0\u00bb|||\u00a0\u00bb global_colors_info=\u00a0\u00bb{}\u00a0\u00bb custom_padding__hover=\u00a0\u00bb|||\u00a0\u00bb][et_pb_wc_breadcrumb _builder_version=\u00a0\u00bb4.16&Prime; global_colors_info=\u00a0\u00bb{}\u00a0\u00bb][\/et_pb_wc_breadcrumb][et_pb_wc_cart_notice _builder_version=\u00a0\u00bb4.16&Prime; global_colors_info=\u00a0\u00bb{}\u00a0\u00bb][\/et_pb_wc_cart_notice][\/et_pb_column][\/et_pb_row][et_pb_row column_structure=\u00a0\u00bb1_2,1_2&Prime; _builder_version=\u00a0\u00bb4.16&Prime; background_size=\u00a0\u00bbinitial\u00a0\u00bb background_position=\u00a0\u00bbtop_left\u00a0\u00bb background_repeat=\u00a0\u00bbrepeat\u00a0\u00bb width=\u00a0\u00bb100%\u00a0\u00bb custom_padding=\u00a0\u00bb0px||||false|false\u00a0\u00bb global_colors_info=\u00a0\u00bb{}\u00a0\u00bb][et_pb_column type=\u00a0\u00bb1_2&Prime; _builder_version=\u00a0\u00bb4.16&Prime; custom_padding=\u00a0\u00bb|||\u00a0\u00bb global_colors_info=\u00a0\u00bb{}\u00a0\u00bb custom_padding__hover=\u00a0\u00bb|||\u00a0\u00bb][et_pb_image src=\u00a0\u00bbhttps:\/\/paradisante.org\/wp-content\/uploads\/2021\/11\/colombe-paradisante-e1636796753513.png\u00a0\u00bb title_text=\u00a0\u00bbcolombe-paradisante\u00a0\u00bb _builder_version=\u00a0\u00bb4.19.4&Prime; _module_preset=\u00a0\u00bbdefault\u00a0\u00bb global_colors_info=\u00a0\u00bb{}\u00a0\u00bb][\/et_pb_image][\/et_pb_column][et_pb_column type=\u00a0\u00bb1_2&Prime; _builder_version=\u00a0\u00bb4.16&Prime; custom_padding=\u00a0\u00bb|||\u00a0\u00bb global_colors_info=\u00a0\u00bb{}\u00a0\u00bb custom_padding__hover=\u00a0\u00bb|||\u00a0\u00bb][et_pb_wc_title _builder_version=\u00a0\u00bb4.19.4&Prime; global_colors_info=\u00a0\u00bb{}\u00a0\u00bb][\/et_pb_wc_title][et_pb_text _builder_version=\u00a0\u00bb4.19.4&Prime; _module_preset=\u00a0\u00bbdefault\u00a0\u00bb global_colors_info=\u00a0\u00bb{}\u00a0\u00bb]<\/p>\n<p>du 01.01.2026 au 31.12.2026<\/p>\n<p>[\/et_pb_text][et_pb_wc_rating _builder_version=\u00a0\u00bb4.16&Prime; global_colors_info=\u00a0\u00bb{}\u00a0\u00bb][\/et_pb_wc_rating][et_pb_wc_price _builder_version=\u00a0\u00bb4.16&Prime; global_colors_info=\u00a0\u00bb{}\u00a0\u00bb][\/et_pb_wc_price][et_pb_wc_description _builder_version=\u00a0\u00bb4.16&Prime; global_colors_info=\u00a0\u00bb{}\u00a0\u00bb][\/et_pb_wc_description][et_pb_wc_add_to_cart _builder_version=\u00a0\u00bb4.16&Prime; global_colors_info=\u00a0\u00bb{}\u00a0\u00bb][\/et_pb_wc_add_to_cart][et_pb_wc_meta _builder_version=\u00a0\u00bb4.16&Prime; global_colors_info=\u00a0\u00bb{}\u00a0\u00bb][\/et_pb_wc_meta][\/et_pb_column][\/et_pb_row][et_pb_row _builder_version=\u00a0\u00bb4.16&Prime; background_size=\u00a0\u00bbinitial\u00a0\u00bb background_position=\u00a0\u00bbtop_left\u00a0\u00bb background_repeat=\u00a0\u00bbrepeat\u00a0\u00bb width=\u00a0\u00bb100%\u00a0\u00bb global_colors_info=\u00a0\u00bb{}\u00a0\u00bb][et_pb_column type=\u00a0\u00bb4_4&Prime; _builder_version=\u00a0\u00bb4.16&Prime; custom_padding=\u00a0\u00bb|||\u00a0\u00bb global_colors_info=\u00a0\u00bb{}\u00a0\u00bb custom_padding__hover=\u00a0\u00bb|||\u00a0\u00bb][et_pb_text _builder_version=\u00a0\u00bb4.19.4&Prime; _module_preset=\u00a0\u00bbdefault\u00a0\u00bb global_colors_info=\u00a0\u00bb{}\u00a0\u00bb]<\/p>\n<h2 class=\"give-form-title\"><span>ADH\u00c9SION 2026 EN LIGNE 20 \u20ac<\/span><\/h2>\n<p>Une association existe au travers des personnes qu\u2019elle aide mais \u00e9galement gr\u00e2ce \u00e0 celles et ceux qui la soutiennent au quotidien.<\/p>\n<p>Devenir adh\u00e9rent de l\u2019association Paradisant\u00e9 c\u2019est participer directement \u00e0 nos diff\u00e9rentes actions humanitaires en France ainsi qu\u2019\u00e0 l\u2019\u00e9tranger.<\/p>\n<h2>Voici ce que votre adh\u00e9sion permettra de r\u00e9aliser tout au long de l\u2019ann\u00e9e :<\/h2>\n<p><strong>\u2022 Gr\u00e2ce \u00e0 l\u2019adh\u00e9sion, vous b\u00e9n\u00e9ficiez de notre service de collecte de mat\u00e9riel m\u00e9dical \u00e0 domicile gratuitement pendant toute la dur\u00e9e de l\u2019adh\u00e9sion. Alpes-Maritimes uniquement (Ann\u00e9e civile en cours).<\/strong><\/p>\n<p>\u2022 Maintien et d\u00e9veloppement de l\u2019activit\u00e9 de collecte et de redistribution de tous type de mat\u00e9riel m\u00e9dical neuf et d\u2019occasion.<\/p>\n<p>\u2022\u00a0Location d\u2019un entrep\u00f4t de stockage du mat\u00e9riel m\u00e9dical collect\u00e9<\/p>\n<p>\u2022\u00a0Organisation de tourn\u00e9es de collectes \u00e0 domicile de mat\u00e9riel m\u00e9dical dans la r\u00e9gion de Nice avec location d\u2019un utilitaire<\/p>\n<p>\u2022\u00a0Cr\u00e9ation d\u2019une collecte de fond pour financer l\u2019envoi de mat\u00e9riel m\u00e9dical en faveur d\u2019associations humanitaires partenaires<\/p>\n<p>\u2022\u00a0D\u00e9veloppement et renforcement des actions humanitaires avec nos partenaires en France et \u00e0 l\u2019international<\/p>\n<p>Merci infiniment pour votre adh\u00e9sion et votre soutien<\/p>\n<p>Julien Urnel \u2013 Pr\u00e9sident<\/p>\n<p>[\/et_pb_text][\/et_pb_column][\/et_pb_row][\/et_pb_section]<\/p>\n","protected":false},"excerpt":{"rendered":"<p>du 01.01.2026 au 31.12.2026ADH\u00c9SION 2026 EN LIGNE 20 \u20ac Une association existe au travers des personnes qu\u2019elle aide mais \u00e9galement gr\u00e2ce \u00e0 celles et ceux qui la soutiennent au quotidien. Devenir adh\u00e9rent de l\u2019association Paradisant\u00e9 c\u2019est participer directement \u00e0 nos diff\u00e9rentes actions humanitaires en France ainsi qu\u2019\u00e0 l\u2019\u00e9tranger. Voici ce que votre adh\u00e9sion permettra de r\u00e9aliser tout au long de l\u2019ann\u00e9e : \u2022 Gr\u00e2ce \u00e0 l\u2019adh\u00e9sion, vous b\u00e9n\u00e9ficiez de notre service de collecte de mat\u00e9riel m\u00e9dical \u00e0 domicile gratuitement pendant toute la dur\u00e9e de l\u2019adh\u00e9sion. Alpes-Maritimes uniquement (Ann\u00e9e civile en cours). \u2022 Maintien et d\u00e9veloppement de l\u2019activit\u00e9 de collecte et de redistribution de tous type de mat\u00e9riel m\u00e9dical neuf et d\u2019occasion. \u2022\u00a0Location d\u2019un entrep\u00f4t de stockage du mat\u00e9riel m\u00e9dical collect\u00e9 \u2022\u00a0Organisation de tourn\u00e9es de collectes \u00e0 domicile de mat\u00e9riel m\u00e9dical dans la r\u00e9gion de Nice avec location d\u2019un utilitaire \u2022\u00a0Cr\u00e9ation d\u2019une collecte de fond pour financer l\u2019envoi de mat\u00e9riel m\u00e9dical en faveur d\u2019associations humanitaires partenaires \u2022\u00a0D\u00e9veloppement et renforcement des actions humanitaires avec nos partenaires en France et \u00e0 l\u2019international Merci infiniment pour votre adh\u00e9sion et votre soutien Julien Urnel \u2013 Pr\u00e9sident<\/p>","protected":false},"featured_media":32279,"comment_status":"open","ping_status":"closed","template":"","meta":{"_et_pb_use_builder":"on","_et_pb_old_content":"<h2 class=\"give-form-title\">ADH\u00c9SION 2026 EN LIGNE 20 \u20ac<\/h2>\r\nUne association existe au travers des personnes qu\u2019elle aide mais \u00e9galement gr\u00e2ce \u00e0 celles et ceux qui la soutiennent au quotidien.\r\n\r\nDevenir adh\u00e9rent de l\u2019association Paradisant\u00e9 c\u2019est participer directement \u00e0 nos diff\u00e9rentes actions humanitaires en France ainsi qu\u2019\u00e0 l\u2019\u00e9tranger.\r\n<h2>Voici ce que votre adh\u00e9sion permettra de r\u00e9aliser tout au long de l\u2019ann\u00e9e :<\/h2>\r\n<strong>\u2022 Gr\u00e2ce \u00e0 l\u2019adh\u00e9sion, vous b\u00e9n\u00e9ficiez de notre service de collecte de mat\u00e9riel m\u00e9dical \u00e0 domicile gratuitement pendant toute la dur\u00e9e de l\u2019adh\u00e9sion. Alpes-Maritimes uniquement (Ann\u00e9e civile en cours).<\/strong>\r\n\r\n\u2022 Maintien et d\u00e9veloppement de l\u2019activit\u00e9 de collecte et de redistribution de tous type de mat\u00e9riel m\u00e9dical neuf et d\u2019occasion.\r\n\r\n\u2022\u00a0Location d\u2019un entrep\u00f4t de stockage du mat\u00e9riel m\u00e9dical collect\u00e9\r\n\r\n\u2022\u00a0Organisation de tourn\u00e9es de collectes \u00e0 domicile de mat\u00e9riel m\u00e9dical dans la r\u00e9gion de Nice avec location d\u2019un utilitaire\r\n\r\n\u2022\u00a0Cr\u00e9ation d\u2019une collecte de fond pour financer l\u2019envoi de mat\u00e9riel m\u00e9dical en faveur d\u2019associations humanitaires partenaires\r\n\r\n\u2022\u00a0D\u00e9veloppement et renforcement des actions humanitaires avec nos partenaires en France et \u00e0 l\u2019international\r\n\r\nMerci infiniment pour votre adh\u00e9sion et votre soutien\r\n\r\nJulien Urnel \u2013 Pr\u00e9sident","_et_gb_content_width":""},"product_brand":[],"product_cat":[52],"product_tag":[],"class_list":{"0":"post-33007","1":"product","2":"type-product","3":"status-publish","4":"has-post-thumbnail","6":"product_cat-adhesion","8":"first","9":"instock","10":"virtual","11":"purchasable","12":"product-type-simple"},"yoast_head":"<!-- This site is optimized with the Yoast SEO plugin v27.5 - https:\/\/yoast.com\/product\/yoast-seo-wordpress\/ -->\n<title>Adh\u00e9sion Paradisant\u00e9 - PARADISANT\u00c9<\/title>\n<meta name=\"robots\" content=\"index, follow, max-snippet:-1, max-image-preview:large, max-video-preview:-1\" \/>\n<link rel=\"canonical\" href=\"https:\/\/paradisante.org\/en\/product\/paradise-membership\/\" \/>\n<meta property=\"og:locale\" content=\"en_US\" \/>\n<meta property=\"og:type\" content=\"article\" \/>\n<meta property=\"og:title\" content=\"Adh\u00e9sion Paradisant\u00e9 - PARADISANT\u00c9\" \/>\n<meta property=\"og:description\" content=\"du 01.01.2026 au 31.12.2026ADH\u00c9SION 2026 EN LIGNE 20 \u20ac Une association existe au travers des personnes qu\u2019elle aide mais \u00e9galement gr\u00e2ce \u00e0 celles et ceux qui la soutiennent au quotidien. Devenir adh\u00e9rent de l\u2019association Paradisant\u00e9 c\u2019est participer directement \u00e0 nos diff\u00e9rentes actions humanitaires en France ainsi qu\u2019\u00e0 l\u2019\u00e9tranger. Voici ce que votre adh\u00e9sion permettra de r\u00e9aliser tout au long de l\u2019ann\u00e9e : \u2022 Gr\u00e2ce \u00e0 l\u2019adh\u00e9sion, vous b\u00e9n\u00e9ficiez de notre service de collecte de mat\u00e9riel m\u00e9dical \u00e0 domicile gratuitement pendant toute la dur\u00e9e de l\u2019adh\u00e9sion. Alpes-Maritimes uniquement (Ann\u00e9e civile en cours). \u2022 Maintien et d\u00e9veloppement de l\u2019activit\u00e9 de collecte et de redistribution de tous type de mat\u00e9riel m\u00e9dical neuf et d\u2019occasion. \u2022\u00a0Location d\u2019un entrep\u00f4t de stockage du mat\u00e9riel m\u00e9dical collect\u00e9 \u2022\u00a0Organisation de tourn\u00e9es de collectes \u00e0 domicile de mat\u00e9riel m\u00e9dical dans la r\u00e9gion de Nice avec location d\u2019un utilitaire \u2022\u00a0Cr\u00e9ation d\u2019une collecte de fond pour financer l\u2019envoi de mat\u00e9riel m\u00e9dical en faveur d\u2019associations humanitaires partenaires \u2022\u00a0D\u00e9veloppement et renforcement des actions humanitaires avec nos partenaires en France et \u00e0 l\u2019international Merci infiniment pour votre adh\u00e9sion et votre soutien Julien Urnel \u2013 Pr\u00e9sident\" \/>\n<meta property=\"og:url\" content=\"https:\/\/paradisante.org\/en\/product\/paradise-membership\/\" \/>\n<meta property=\"og:site_name\" content=\"PARADISANT\u00c9\" \/>\n<meta property=\"article:modified_time\" content=\"2026-03-20T09:21:16+00:00\" \/>\n<meta property=\"og:image\" content=\"https:\/\/paradisante.org\/wp-content\/uploads\/2021\/11\/colombe-paradisante-e1636796753513.png\" \/>\n\t<meta property=\"og:image:width\" content=\"1632\" \/>\n\t<meta property=\"og:image:height\" content=\"1665\" \/>\n\t<meta property=\"og:image:type\" content=\"image\/png\" \/>\n<meta name=\"twitter:card\" content=\"summary_large_image\" \/>\n<meta name=\"twitter:label1\" content=\"Est. reading time\" \/>\n\t<meta name=\"twitter:data1\" content=\"3 minutes\" \/>\n<script type=\"application\/ld+json\" class=\"yoast-schema-graph\">{\"@context\":\"https:\\\/\\\/schema.org\",\"@graph\":[{\"@type\":\"WebPage\",\"@id\":\"https:\\\/\\\/paradisante.org\\\/produit\\\/adhesion-paradisante\\\/\",\"url\":\"https:\\\/\\\/paradisante.org\\\/produit\\\/adhesion-paradisante\\\/\",\"name\":\"Adh\u00e9sion Paradisant\u00e9 - PARADISANT\u00c9\",\"isPartOf\":{\"@id\":\"https:\\\/\\\/paradisante.org\\\/#website\"},\"primaryImageOfPage\":{\"@id\":\"https:\\\/\\\/paradisante.org\\\/produit\\\/adhesion-paradisante\\\/#primaryimage\"},\"image\":{\"@id\":\"https:\\\/\\\/paradisante.org\\\/produit\\\/adhesion-paradisante\\\/#primaryimage\"},\"thumbnailUrl\":\"https:\\\/\\\/paradisante.org\\\/wp-content\\\/uploads\\\/2021\\\/11\\\/colombe-paradisante-e1636796753513.png\",\"datePublished\":\"2025-06-04T19:17:53+00:00\",\"dateModified\":\"2026-03-20T09:21:16+00:00\",\"breadcrumb\":{\"@id\":\"https:\\\/\\\/paradisante.org\\\/produit\\\/adhesion-paradisante\\\/#breadcrumb\"},\"inLanguage\":\"en-US\",\"potentialAction\":[{\"@type\":\"ReadAction\",\"target\":[\"https:\\\/\\\/paradisante.org\\\/produit\\\/adhesion-paradisante\\\/\"]}]},{\"@type\":\"ImageObject\",\"inLanguage\":\"en-US\",\"@id\":\"https:\\\/\\\/paradisante.org\\\/produit\\\/adhesion-paradisante\\\/#primaryimage\",\"url\":\"https:\\\/\\\/paradisante.org\\\/wp-content\\\/uploads\\\/2021\\\/11\\\/colombe-paradisante-e1636796753513.png\",\"contentUrl\":\"https:\\\/\\\/paradisante.org\\\/wp-content\\\/uploads\\\/2021\\\/11\\\/colombe-paradisante-e1636796753513.png\",\"width\":1632,\"height\":1665},{\"@type\":\"BreadcrumbList\",\"@id\":\"https:\\\/\\\/paradisante.org\\\/produit\\\/adhesion-paradisante\\\/#breadcrumb\",\"itemListElement\":[{\"@type\":\"ListItem\",\"position\":1,\"name\":\"Accueil\",\"item\":\"https:\\\/\\\/paradisante.org\\\/\"},{\"@type\":\"ListItem\",\"position\":2,\"name\":\"NOTRE STOCK\",\"item\":\"https:\\\/\\\/paradisante.org\\\/stock\\\/\"},{\"@type\":\"ListItem\",\"position\":3,\"name\":\"Adh\u00e9sion Paradisant\u00e9\"}]},{\"@type\":\"WebSite\",\"@id\":\"https:\\\/\\\/paradisante.org\\\/#website\",\"url\":\"https:\\\/\\\/paradisante.org\\\/\",\"name\":\"PARADISANT\u00c9\",\"description\":\"LE RECYCLAGE M\u00c9DICAL SOLIDAIRE\",\"potentialAction\":[{\"@type\":\"SearchAction\",\"target\":{\"@type\":\"EntryPoint\",\"urlTemplate\":\"https:\\\/\\\/paradisante.org\\\/?s={search_term_string}\"},\"query-input\":{\"@type\":\"PropertyValueSpecification\",\"valueRequired\":true,\"valueName\":\"search_term_string\"}}],\"inLanguage\":\"en-US\"}]}<\/script>\n<!-- \/ Yoast SEO plugin. -->","yoast_head_json":{"title":"Adh\u00e9sion Paradisant\u00e9 - PARADISANT\u00c9","robots":{"index":"index","follow":"follow","max-snippet":"max-snippet:-1","max-image-preview":"max-image-preview:large","max-video-preview":"max-video-preview:-1"},"canonical":"https:\/\/paradisante.org\/en\/product\/paradise-membership\/","og_locale":"en_US","og_type":"article","og_title":"Adh\u00e9sion Paradisant\u00e9 - PARADISANT\u00c9","og_description":"du 01.01.2026 au 31.12.2026ADH\u00c9SION 2026 EN LIGNE 20 \u20ac Une association existe au travers des personnes qu\u2019elle aide mais \u00e9galement gr\u00e2ce \u00e0 celles et ceux qui la soutiennent au quotidien. Devenir adh\u00e9rent de l\u2019association Paradisant\u00e9 c\u2019est participer directement \u00e0 nos diff\u00e9rentes actions humanitaires en France ainsi qu\u2019\u00e0 l\u2019\u00e9tranger. Voici ce que votre adh\u00e9sion permettra de r\u00e9aliser tout au long de l\u2019ann\u00e9e : \u2022 Gr\u00e2ce \u00e0 l\u2019adh\u00e9sion, vous b\u00e9n\u00e9ficiez de notre service de collecte de mat\u00e9riel m\u00e9dical \u00e0 domicile gratuitement pendant toute la dur\u00e9e de l\u2019adh\u00e9sion. Alpes-Maritimes uniquement (Ann\u00e9e civile en cours). \u2022 Maintien et d\u00e9veloppement de l\u2019activit\u00e9 de collecte et de redistribution de tous type de mat\u00e9riel m\u00e9dical neuf et d\u2019occasion. \u2022\u00a0Location d\u2019un entrep\u00f4t de stockage du mat\u00e9riel m\u00e9dical collect\u00e9 \u2022\u00a0Organisation de tourn\u00e9es de collectes \u00e0 domicile de mat\u00e9riel m\u00e9dical dans la r\u00e9gion de Nice avec location d\u2019un utilitaire \u2022\u00a0Cr\u00e9ation d\u2019une collecte de fond pour financer l\u2019envoi de mat\u00e9riel m\u00e9dical en faveur d\u2019associations humanitaires partenaires \u2022\u00a0D\u00e9veloppement et renforcement des actions humanitaires avec nos partenaires en France et \u00e0 l\u2019international Merci infiniment pour votre adh\u00e9sion et votre soutien Julien Urnel \u2013 Pr\u00e9sident","og_url":"https:\/\/paradisante.org\/en\/product\/paradise-membership\/","og_site_name":"PARADISANT\u00c9","article_modified_time":"2026-03-20T09:21:16+00:00","og_image":[{"width":1632,"height":1665,"url":"https:\/\/paradisante.org\/wp-content\/uploads\/2021\/11\/colombe-paradisante-e1636796753513.png","type":"image\/png"}],"twitter_card":"summary_large_image","twitter_misc":{"Est. reading time":"3 minutes"},"schema":{"@context":"https:\/\/schema.org","@graph":[{"@type":"WebPage","@id":"https:\/\/paradisante.org\/produit\/adhesion-paradisante\/","url":"https:\/\/paradisante.org\/produit\/adhesion-paradisante\/","name":"Adh\u00e9sion Paradisant\u00e9 - PARADISANT\u00c9","isPartOf":{"@id":"https:\/\/paradisante.org\/#website"},"primaryImageOfPage":{"@id":"https:\/\/paradisante.org\/produit\/adhesion-paradisante\/#primaryimage"},"image":{"@id":"https:\/\/paradisante.org\/produit\/adhesion-paradisante\/#primaryimage"},"thumbnailUrl":"https:\/\/paradisante.org\/wp-content\/uploads\/2021\/11\/colombe-paradisante-e1636796753513.png","datePublished":"2025-06-04T19:17:53+00:00","dateModified":"2026-03-20T09:21:16+00:00","breadcrumb":{"@id":"https:\/\/paradisante.org\/produit\/adhesion-paradisante\/#breadcrumb"},"inLanguage":"en-US","potentialAction":[{"@type":"ReadAction","target":["https:\/\/paradisante.org\/produit\/adhesion-paradisante\/"]}]},{"@type":"ImageObject","inLanguage":"en-US","@id":"https:\/\/paradisante.org\/produit\/adhesion-paradisante\/#primaryimage","url":"https:\/\/paradisante.org\/wp-content\/uploads\/2021\/11\/colombe-paradisante-e1636796753513.png","contentUrl":"https:\/\/paradisante.org\/wp-content\/uploads\/2021\/11\/colombe-paradisante-e1636796753513.png","width":1632,"height":1665},{"@type":"BreadcrumbList","@id":"https:\/\/paradisante.org\/produit\/adhesion-paradisante\/#breadcrumb","itemListElement":[{"@type":"ListItem","position":1,"name":"Accueil","item":"https:\/\/paradisante.org\/"},{"@type":"ListItem","position":2,"name":"NOTRE STOCK","item":"https:\/\/paradisante.org\/stock\/"},{"@type":"ListItem","position":3,"name":"Adh\u00e9sion Paradisant\u00e9"}]},{"@type":"WebSite","@id":"https:\/\/paradisante.org\/#website","url":"https:\/\/paradisante.org\/","name":"PARADISE","description":"MEDICAL RECYCLING IN SOLIDARITY","potentialAction":[{"@type":"SearchAction","target":{"@type":"EntryPoint","urlTemplate":"https:\/\/paradisante.org\/?s={search_term_string}"},"query-input":{"@type":"PropertyValueSpecification","valueRequired":true,"valueName":"search_term_string"}}],"inLanguage":"en-US"}]}},"_links":{"self":[{"href":"https:\/\/paradisante.org\/en\/wp-json\/wp\/v2\/product\/33007","targetHints":{"allow":["GET"]}}],"collection":[{"href":"https:\/\/paradisante.org\/en\/wp-json\/wp\/v2\/product"}],"about":[{"href":"https:\/\/paradisante.org\/en\/wp-json\/wp\/v2\/types\/product"}],"replies":[{"embeddable":true,"href":"https:\/\/paradisante.org\/en\/wp-json\/wp\/v2\/comments?post=33007"}],"wp:featuredmedia":[{"embeddable":true,"href":"https:\/\/paradisante.org\/en\/wp-json\/wp\/v2\/media\/32279"}],"wp:attachment":[{"href":"https:\/\/paradisante.org\/en\/wp-json\/wp\/v2\/media?parent=33007"}],"wp:term":[{"taxonomy":"product_brand","embeddable":true,"href":"https:\/\/paradisante.org\/en\/wp-json\/wp\/v2\/product_brand?post=33007"},{"taxonomy":"product_cat","embeddable":true,"href":"https:\/\/paradisante.org\/en\/wp-json\/wp\/v2\/product_cat?post=33007"},{"taxonomy":"product_tag","embeddable":true,"href":"https:\/\/paradisante.org\/en\/wp-json\/wp\/v2\/product_tag?post=33007"}],"curies":[{"name":"wp","href":"https:\/\/api.w.org\/{rel}","templated":true}]}}